{"id":993,"date":"2025-11-18T18:15:14","date_gmt":"2025-11-18T18:15:14","guid":{"rendered":"https:\/\/nick-stein.com\/?page_id=993"},"modified":"2025-11-30T11:22:48","modified_gmt":"2025-11-30T11:22:48","slug":"sonstiges","status":"publish","type":"page","link":"https:\/\/nick-stein.com\/?page_id=993","title":{"rendered":"Sonstiges"},"content":{"rendered":"\t\t<div data-elementor-type=\"wp-page\" data-elementor-id=\"993\" class=\"elementor elementor-993\">\n\t\t\t\t<div class=\"elementor-element elementor-element-7a7d799 e-flex e-con-boxed e-con e-parent\" data-id=\"7a7d799\" data-element_type=\"container\">\n\t\t\t\t\t<div class=\"e-con-inner\">\n\t\t\t\t<div class=\"elementor-element elementor-element-6d6db26 elementor-widget elementor-widget-heading\" data-id=\"6d6db26\" data-element_type=\"widget\" data-widget_type=\"heading.default\">\n\t\t\t\t\t<h2 class=\"elementor-heading-title elementor-size-default\">Seri\u00f6se, aber dadurch nicht unspannende Literatur<\/h2>\t\t\t\t<\/div>\n\t\t\t\t\t<\/div>\n\t\t\t\t<\/div>\n\t\t<div class=\"elementor-element elementor-element-a715e95 e-grid e-con-boxed e-con e-parent\" data-id=\"a715e95\" data-element_type=\"container\">\n\t\t\t\t\t<div class=\"e-con-inner\">\n\t\t\t\t<div class=\"elementor-element elementor-element-c9f8105 elementor-widget elementor-widget-image\" data-id=\"c9f8105\" data-element_type=\"widget\" data-widget_type=\"image.default\">\n\t\t\t\t\t\t\t\t\t\t\t\t\t\t\t<img fetchpriority=\"high\" decoding=\"async\" width=\"333\" height=\"500\" src=\"https:\/\/nick-stein.com\/wp-content\/uploads\/2025\/11\/Zen-und-die-Kunst-des-Buegelns-1.jpg\" class=\"attachment-large size-large wp-image-1110\" alt=\"\" srcset=\"https:\/\/nick-stein.com\/wp-content\/uploads\/2025\/11\/Zen-und-die-Kunst-des-Buegelns-1.jpg 333w, https:\/\/nick-stein.com\/wp-content\/uploads\/2025\/11\/Zen-und-die-Kunst-des-Buegelns-1-200x300.jpg 200w\" sizes=\"(max-width: 333px) 100vw, 333px\" \/>\t\t\t\t\t\t\t\t\t\t\t\t\t\t\t<\/div>\n\t\t\t\t<div class=\"elementor-element elementor-element-6828916 elementor-widget elementor-widget-image\" data-id=\"6828916\" data-element_type=\"widget\" data-widget_type=\"image.default\">\n\t\t\t\t\t\t\t\t\t\t\t\t\t\t\t<img decoding=\"async\" width=\"640\" height=\"1024\" src=\"https:\/\/nick-stein.com\/wp-content\/uploads\/2025\/11\/Elektrisch-nach-Italien-2-640x1024.jpg\" class=\"attachment-large size-large wp-image-1112\" alt=\"\" srcset=\"https:\/\/nick-stein.com\/wp-content\/uploads\/2025\/11\/Elektrisch-nach-Italien-2-640x1024.jpg 640w, https:\/\/nick-stein.com\/wp-content\/uploads\/2025\/11\/Elektrisch-nach-Italien-2-187x300.jpg 187w, https:\/\/nick-stein.com\/wp-content\/uploads\/2025\/11\/Elektrisch-nach-Italien-2-768x1229.jpg 768w, https:\/\/nick-stein.com\/wp-content\/uploads\/2025\/11\/Elektrisch-nach-Italien-2-960x1536.jpg 960w, https:\/\/nick-stein.com\/wp-content\/uploads\/2025\/11\/Elektrisch-nach-Italien-2-1280x2048.jpg 1280w, https:\/\/nick-stein.com\/wp-content\/uploads\/2025\/11\/Elektrisch-nach-Italien-2-scaled.jpg 1600w\" sizes=\"(max-width: 640px) 100vw, 640px\" \/>\t\t\t\t\t\t\t\t\t\t\t\t\t\t\t<\/div>\n\t\t\t\t<div class=\"elementor-element elementor-element-dc270a0 elementor-widget elementor-widget-image\" data-id=\"dc270a0\" data-element_type=\"widget\" data-widget_type=\"image.default\">\n\t\t\t\t\t\t\t\t\t\t\t\t\t\t\t<img decoding=\"async\" width=\"640\" height=\"1024\" src=\"https:\/\/nick-stein.com\/wp-content\/uploads\/2025\/11\/Letzte-Ausfahrt-Eden-640x1024.jpg\" class=\"attachment-large size-large wp-image-1113\" alt=\"\" srcset=\"https:\/\/nick-stein.com\/wp-content\/uploads\/2025\/11\/Letzte-Ausfahrt-Eden-640x1024.jpg 640w, https:\/\/nick-stein.com\/wp-content\/uploads\/2025\/11\/Letzte-Ausfahrt-Eden-188x300.jpg 188w, https:\/\/nick-stein.com\/wp-content\/uploads\/2025\/11\/Letzte-Ausfahrt-Eden-768x1228.jpg 768w, https:\/\/nick-stein.com\/wp-content\/uploads\/2025\/11\/Letzte-Ausfahrt-Eden.jpg 938w\" sizes=\"(max-width: 640px) 100vw, 640px\" \/>\t\t\t\t\t\t\t\t\t\t\t\t\t\t\t<\/div>\n\t\t\t\t\t<\/div>\n\t\t\t\t<\/div>\n\t\t<div class=\"elementor-element elementor-element-4d81b5d e-grid e-con-boxed e-con e-parent\" data-id=\"4d81b5d\" data-element_type=\"container\">\n\t\t\t\t\t<div class=\"e-con-inner\">\n\t\t\t\t<div class=\"elementor-element elementor-element-3406582 elementor-widget elementor-widget-text-editor\" data-id=\"3406582\" data-element_type=\"widget\" data-widget_type=\"text-editor.default\">\n\t\t\t\t\t\t\t\t\t<div class=\"a-expander-content a-expander-partial-collapse-content a-expander-content-expanded\" data-expanded=\"true\"><h1 style=\"text-align: center;\"><strong>Eine bessere Welt,\u00a0 oder nicht?<\/strong><\/h1><p><span class=\"a-text-bold\"><br \/>Der Biologe Benjamin Abendschein lernt \u00fcber eine Anzeige die attraktive Charlotte Faber kennen, Biologin wie er. Charlotte hatte Teile ihres Studiums in Japan verbracht und dort neben ihrer T\u00e4tigkeit in einem Nachtklub Zeit in einem Zen-Kloster verbracht. Sie hatte f\u00fcr \u201eZen und die Kunst des B\u00fcgelns\u201c inseriert und in einer zweiten Anzeige, \u201ekleine Muschi sucht neues Herrchen\u201c, ein K\u00e4tzchen angeboten.<br \/>Benjamin, ein introvertierter und an spirituellen Erfahrungen interessierter Forscher, der ein Jahr lang z\u00f6libat\u00e4r verbracht hat, reizt beides. Er ruft sie an und besucht Charlotte. Er ist nicht sicher, was genau sie da anbietet.<br \/>Die beiden lernen sich kennen und lieben. Sie teilen viele Interessen und Wissen und meinen, sie h\u00e4tten das Werkzeug dazu, die Welt besser zu machen und die Menschheit wieder auf den richtigen Weg zur\u00fcckzuf\u00fchren. <br \/>F\u00fcr Benjamin stellt sich die Frage, ob Eingreifen in den Lauf der Welt nicht immer wieder nur zu neuem Eingreifen und Handeln f\u00fchrt; ob nicht der Verzicht aufs Handeln besser w\u00e4re. Die extrovertierte Charlotte \u00fcberzeugt ihn. Sie beginnen ihr Projekt und entwickeln Verfahren und Produkte, die bessere Menschen und eine heilere Welt zum Ziel haben. <br \/>Sie brauchen daf\u00fcr eine Firma und viel Geld. Hier kann Charlottes Freundin Mia helfen, eine dunkelh\u00e4utige Londonerin, die wie die beiden in G\u00f6ttingen lebt. Bald steht ihre neue gemeinsame Firma an vorderster Front der Forschung. Doch das zieht Neider, Gegner und Konkurrenten an, und bald haben die Freunde mehr Probleme, als sie bew\u00e4ltigen k\u00f6nnen. Die Polizei ist dabei noch ihr geringstes Problem.<br \/>Sie erleiden gewaltige Verluste, und trotzdem kommen sie ihrem Ziel immer n\u00e4her \u2026<\/span><\/p><\/div>\t\t\t\t\t\t\t\t<\/div>\n\t\t\t\t<div class=\"elementor-element elementor-element-95e4490 elementor-widget elementor-widget-text-editor\" data-id=\"95e4490\" data-element_type=\"widget\" data-widget_type=\"text-editor.default\">\n\t\t\t\t\t\t\t\t\t<h2 style=\"text-align: center;\">Mit wenig Reichweite ins Nirgendwo<\/h2><p>Ein modernes Abenteuer: Langsam reisen, an unbekannte Orte gelangen, mit dem Ungewissen unterwegs sein. Mit einem E-Auto in einem Land mit wenig Lades\u00e4ulen kein Problem! Wo Goethe mit der Kutsche an Poststationen halten musste, damit die Pferde Heu bekamen, muss der elektrisch Reisende eine forw\u00e4hrende Schnitzeljagd zu verborgenen Ladestationen machen, die ihn an ganz neue Orte f\u00fchren.<\/p><p>Doch die wahre Reise findet im Kopf statt. Folgen Sie dem Autor durch wunderbare Caf\u00e9s und Restaurants, aber auch durch Geschichte, fremde Dimensionen und die Irrwege von Sprache, Gesellschaft und Weltanschauung. Und nat\u00fcrlich durch die sch\u00f6nsten Orte Italiens!<\/p><p>Beim Laden braucht man Zeit, oder besser gesagt: Es gibt einem Zeit, zum Nachdenken, f\u00fcr Gespr\u00e4che, zum Schweifen und Streifen durch Themen, die sonst links liegenbleiben. Statt vom Ferienh\u00e4uschen aus st\u00e4ndig umherzufahren, um alles sehen zu m\u00fcssen, bleibt man klugerweise dort, am Pool oder vor einem Buch, und begibt sich auf eine ganz andere Reise.<\/p>\t\t\t\t\t\t\t\t<\/div>\n\t\t\t\t<div class=\"elementor-element elementor-element-ab66e96 elementor-widget elementor-widget-text-editor\" data-id=\"ab66e96\" data-element_type=\"widget\" data-widget_type=\"text-editor.default\">\n\t\t\t\t\t\t\t\t\t<h3 style=\"text-align: center;\">R\u00fccksichtsloser Erfolgsmensch trifft i auf eine todgeweihte \u00d6kofrau, und beider Leben ver\u00e4ndert sich von Grund auf.<\/h3><p style=\"text-align: left;\"><br \/><br \/>Das Buch beschreibt einen tiefen Einschnitt im Leben des Machers David Meinrad, eines ausgesprochenen Arschlochs, und den Konflikt mit seiner Retterin Mara, die ebenfalls eine Wandlung durchmacht.<\/p><p>David ist auf dem Weg zu einer Firmen\u00fcbernahme, als er sich in v\u00f6lliger Selbst\u00fcbersch\u00e4tzung in den Bergen verf\u00e4hrt und sein Auto in Flammen aufgeht. Er findet im Schneesturm zu einer von jeglicher Kommunikation abgeschnittenen H\u00fctte, die sich als der R\u00fcckzugsort einer verh\u00e4rmten Frau erweist, die ihn aufnimmt und seine Wunden behandelt.<br \/>David erz\u00e4hlt ihr von seinen Pl\u00e4nen, sie glaubt, dass er nicht ohne Grund zu ihr gefunden hat. Im Laufe seines Aufenthaltes tauschen die beiden sich \u00fcber den Sinn des Lebens aus; Mara erz\u00e4hlt David von ihrem Glauben, dass dieses irdische Leben bereits das Paradies w\u00e4re; es k\u00e4me darauf an, sein Leben entsprechend zu gestalten. Danach k\u00e4me nichts mehr, Erf\u00fcllung g\u00e4be es nur im Hier und Jetzt, wenn man sich richtig entscheidet.<\/p>\t\t\t\t\t\t\t\t<\/div>\n\t\t\t\t\t<\/div>\n\t\t\t\t<\/div>\n\t\t<div class=\"elementor-element elementor-element-aeaaf67 e-grid e-con-boxed e-con e-parent\" data-id=\"aeaaf67\" data-element_type=\"container\">\n\t\t\t\t\t<div class=\"e-con-inner\">\n\t\t\t\t<div class=\"elementor-element elementor-element-ac2e2ae elementor-widget elementor-widget-image\" data-id=\"ac2e2ae\" data-element_type=\"widget\" data-widget_type=\"image.default\">\n\t\t\t\t\t\t\t\t\t\t\t\t\t\t\t<img loading=\"lazy\" decoding=\"async\" width=\"717\" height=\"1024\" src=\"https:\/\/nick-stein.com\/wp-content\/uploads\/2025\/11\/Dragonseed-717x1024.png\" class=\"attachment-large size-large wp-image-1141\" alt=\"\" srcset=\"https:\/\/nick-stein.com\/wp-content\/uploads\/2025\/11\/Dragonseed-717x1024.png 717w, https:\/\/nick-stein.com\/wp-content\/uploads\/2025\/11\/Dragonseed-210x300.png 210w, https:\/\/nick-stein.com\/wp-content\/uploads\/2025\/11\/Dragonseed-768x1097.png 768w, https:\/\/nick-stein.com\/wp-content\/uploads\/2025\/11\/Dragonseed.png 952w\" sizes=\"(max-width: 717px) 100vw, 717px\" \/>\t\t\t\t\t\t\t\t\t\t\t\t\t\t\t<\/div>\n\t\t\t\t<div class=\"elementor-element elementor-element-ce81b9c elementor-widget elementor-widget-text-editor\" data-id=\"ce81b9c\" data-element_type=\"widget\" data-widget_type=\"text-editor.default\">\n\t\t\t\t\t\t\t\t\t<h2 style=\"text-align: center;\">DRAGONSEED &#8211; POLITIKTHRILLER<\/h2><p>Dieses Buch, noch in Hongkong geschrieben, lehnt sich stilistisch an Tom Clancy an und war eigentlich eine Schreib\u00fcbung. Es ist auf Englisch verfasst, damals in Hongkong meine Sprache des Tages.\u00a0<\/p><p>Das Buch handelt von einem Konflikt zwischen China und den USA, den China mit asymmetrischen Mitteln betreibt, um seine Unterlegenheit mehr als auszugleichen (das war vor 10 Jahren, da sah die Welt noch anders aus).\u00a0<\/p><p>Schl\u00e4fer in den USA gehen ans Werk und destabiliseren, das Land arbeitet mit allen Mitteln daran, den Pr\u00e4sidenten zu st\u00fcrzen und Unruhen zu schaffen, damit es sich in Ruhe das S\u00fcdchinesische Meer einverleiben kann, ohne von den USA gest\u00f6rt zu werden.<\/p><p>Das gelingt. Doch wie immer kommt in der letzten Minute ein Held dazwischen, der alles wieder umwirft.<\/p><p>Diesen Roman sollte ich vielleicht noch einmal \u00fcberarbeiten und an die moderne Zeit anpassen. Schlie\u00dflich steckte viel Arbeit darin.<\/p>\t\t\t\t\t\t\t\t<\/div>\n\t\t\t\t\t<\/div>\n\t\t\t\t<\/div>\n\t\t\t\t<\/div>\n\t\t","protected":false},"excerpt":{"rendered":"<p>Seri\u00f6se, aber dadurch nicht unspannende Literatur Eine bessere Welt,\u00a0 oder nicht? Der Biologe Benjamin Abendschein lernt \u00fcber eine Anzeige die attraktive Charlotte Faber kennen, Biologin wie er. Charlotte hatte Teile ihres Studiums in Japan verbracht und dort neben ihrer T\u00e4tigkeit in einem Nachtklub Zeit in einem Zen-Kloster verbracht. Sie hatte f\u00fcr \u201eZen und die Kunst&#8230;<\/p>\n","protected":false},"author":1,"featured_media":0,"parent":0,"menu_order":0,"comment_status":"closed","ping_status":"closed","template":"","meta":{"_kadence_starter_templates_imported_post":false,"_kad_post_transparent":"enable","_kad_post_title":"show","_kad_post_layout":"default","_kad_post_sidebar_id":"","_kad_post_content_style":"unboxed","_kad_post_vertical_padding":"default","_kad_post_feature":"show","_kad_post_feature_position":"above","_kad_post_header":false,"_kad_post_footer":false,"_kad_post_classname":"","footnotes":""},"class_list":["post-993","page","type-page","status-publish","hentry"],"_links":{"self":[{"href":"https:\/\/nick-stein.com\/index.php?rest_route=\/wp\/v2\/pages\/993","targetHints":{"allow":["GET"]}}],"collection":[{"href":"https:\/\/nick-stein.com\/index.php?rest_route=\/wp\/v2\/pages"}],"about":[{"href":"https:\/\/nick-stein.com\/index.php?rest_route=\/wp\/v2\/types\/page"}],"author":[{"embeddable":true,"href":"https:\/\/nick-stein.com\/index.php?rest_route=\/wp\/v2\/users\/1"}],"replies":[{"embeddable":true,"href":"https:\/\/nick-stein.com\/index.php?rest_route=%2Fwp%2Fv2%2Fcomments&post=993"}],"version-history":[{"count":17,"href":"https:\/\/nick-stein.com\/index.php?rest_route=\/wp\/v2\/pages\/993\/revisions"}],"predecessor-version":[{"id":1271,"href":"https:\/\/nick-stein.com\/index.php?rest_route=\/wp\/v2\/pages\/993\/revisions\/1271"}],"wp:attachment":[{"href":"https:\/\/nick-stein.com\/index.php?rest_route=%2Fwp%2Fv2%2Fmedia&parent=993"}],"curies":[{"name":"wp","href":"https:\/\/api.w.org\/{rel}","templated":true}]}}