{"id":844,"date":"2025-11-16T15:57:38","date_gmt":"2025-11-16T15:57:38","guid":{"rendered":"https:\/\/nick-stein.com\/?page_id=844"},"modified":"2025-12-02T11:49:21","modified_gmt":"2025-12-02T11:49:21","slug":"844-2","status":"publish","type":"page","link":"https:\/\/nick-stein.com\/?page_id=844","title":{"rendered":"Historisches"},"content":{"rendered":"\t\t<div data-elementor-type=\"wp-page\" data-elementor-id=\"844\" class=\"elementor elementor-844\">\n\t\t\t\t<div class=\"elementor-element elementor-element-5860563 e-flex e-con-boxed e-con e-parent\" data-id=\"5860563\" data-element_type=\"container\" data-settings=\"{&quot;background_background&quot;:&quot;classic&quot;}\">\n\t\t\t\t\t<div class=\"e-con-inner\">\n\t\t\t\t<div class=\"elementor-element elementor-element-4d77b74 animated-slow elementor-invisible elementor-widget elementor-widget-heading\" data-id=\"4d77b74\" data-element_type=\"widget\" data-settings=\"{&quot;_animation&quot;:&quot;fadeIn&quot;}\" data-widget_type=\"heading.default\">\n\t\t\t\t\t<h2 class=\"elementor-heading-title elementor-size-default\">Historische Romane<\/h2>\t\t\t\t<\/div>\n\t\t\t\t\t<\/div>\n\t\t\t\t<\/div>\n\t\t<div class=\"elementor-element elementor-element-b607410 e-grid e-con-boxed e-con e-parent\" data-id=\"b607410\" data-element_type=\"container\">\n\t\t\t\t\t<div class=\"e-con-inner\">\n\t\t\t\t<div class=\"elementor-element elementor-element-f372532 elementor-widget elementor-widget-image\" data-id=\"f372532\" data-element_type=\"widget\" data-widget_type=\"image.default\">\n\t\t\t\t\t\t\t\t\t\t\t\t\t\t\t<img fetchpriority=\"high\" decoding=\"async\" width=\"624\" height=\"1024\" src=\"https:\/\/nick-stein.com\/wp-content\/uploads\/2025\/11\/Die_Bierhexe_LY_13-2-1-624x1024.jpg\" class=\"attachment-large size-large wp-image-1098\" alt=\"\" srcset=\"https:\/\/nick-stein.com\/wp-content\/uploads\/2025\/11\/Die_Bierhexe_LY_13-2-1-624x1024.jpg 624w, https:\/\/nick-stein.com\/wp-content\/uploads\/2025\/11\/Die_Bierhexe_LY_13-2-1-183x300.jpg 183w, https:\/\/nick-stein.com\/wp-content\/uploads\/2025\/11\/Die_Bierhexe_LY_13-2-1-768x1259.jpg 768w, https:\/\/nick-stein.com\/wp-content\/uploads\/2025\/11\/Die_Bierhexe_LY_13-2-1-937x1536.jpg 937w, https:\/\/nick-stein.com\/wp-content\/uploads\/2025\/11\/Die_Bierhexe_LY_13-2-1-1249x2048.jpg 1249w, https:\/\/nick-stein.com\/wp-content\/uploads\/2025\/11\/Die_Bierhexe_LY_13-2-1.jpg 1477w\" sizes=\"(max-width: 624px) 100vw, 624px\" \/>\t\t\t\t\t\t\t\t\t\t\t\t\t\t\t<\/div>\n\t\t\t\t<div class=\"elementor-element elementor-element-0d4be24 elementor-widget elementor-widget-text-editor\" data-id=\"0d4be24\" data-element_type=\"widget\" data-widget_type=\"text-editor.default\">\n\t\t\t\t\t\t\t\t\t<h2 class=\"wp-block-media-text__content\" style=\"text-align: center;\"><strong>DIE BIERHEXE<\/strong><!-- \/wp:paragraph --><!-- wp:paragraph {\"align\":\"left\",\"style\":{\"elements\":{\"link\":{\"color\":{\"text\":\"var:preset|color|black\"}}}},\"textColor\":\"black\",\"fontSize\":\"medium\"} --><\/h2>\n<p class=\"has-text-align-left has-black-color has-text-color has-link-color has-medium-font-size\">Salthall, 1151. Die unbeschwerte Jugend der jungen Amalia endet abrupt, als ihre Eltern sie verheiraten wollen. Weil sie nicht die Frau eines Schweinebauern, sondern Heilerin und Brauerin werden will, bleibt ihr nur die Flucht, um ihre Lehre bei der ber\u00fchmten Hildegard von Bingen abzuschlie\u00dfen. Doch der Weg dorthin ist weit. Ein Zufall f\u00fchrt sie auf die Winzenburg, wo sie Bischof Bernhard von Hildesheim kennenlernt. Zwar kann sie ihn von einigen Leiden kurieren, doch weist sie seine Avancen zur\u00fcck und macht sich damit einen m\u00e4chtigen Feind \u2026<\/p>\n<blockquote>\n<div class=\"a-row a-spacing-mini\" data-hook=\"genome-widget\">\n<div class=\"a-profile-avatar-wrapper\" aria-hidden=\"true\">\n<div class=\"a-profile-avatar\">\u00a0<\/div>\n<\/div>\n<div class=\"a-profile-content\"><span class=\"a-profile-name\">Amazon Kunde<\/span><\/div>\n<\/div>\n<div class=\"a-row\">\n<h5><a class=\"a-size-base a-link-normal review-title a-color-base review-title-content a-text-bold\" href=\"https:\/\/www.amazon.de\/gp\/customer-reviews\/R3EZWIKIEX8NMY\/ref=cm_cr_arp_d_rvw_ttl\" data-hook=\"review-title\"><i class=\"a-icon a-icon-star a-star-5 review-rating\" data-hook=\"review-star-rating\"><span class=\"a-icon-alt\">5,0 von 5 Sternen<\/span><\/i><\/a><\/h5>\n<h5><a class=\"a-size-base a-link-normal review-title a-color-base review-title-content a-text-bold\" href=\"https:\/\/www.amazon.de\/gp\/customer-reviews\/R3EZWIKIEX8NMY\/ref=cm_cr_arp_d_rvw_ttl\" data-hook=\"review-title\"> Die Bierhexe ist ein toller Roman <\/a><\/h5>\n<\/div>\n<p><span class=\"a-list-item\"><span class=\"a-size-base a-color-secondary review-date\" role=\"heading\" data-hook=\"review-date\" aria-level=\"6\">Rezension aus Deutschland vom 26. Oktober 2025<\/span><\/span><\/p>\n<div class=\"a-row a-spacing-small review-data\"><span class=\"a-size-base review-text review-text-content\" data-hook=\"review-body\"> Ein wirklich toller Roman . L\u00e4sst sich gut lesen. Weiter so. Habe schon mehrere B\u00fccher vom Autor gelesen wirklich alle klasse!<\/span><\/div>\n<\/blockquote>\t\t\t\t\t\t\t\t<\/div>\n\t\t\t\t<div class=\"elementor-element elementor-element-6dc6330 elementor-widget elementor-widget-text-editor\" data-id=\"6dc6330\" data-element_type=\"widget\" data-widget_type=\"text-editor.default\">\n\t\t\t\t\t\t\t\t\t<h2 style=\"text-align: center;\">Amalia kehrt heim<\/h2>\n<p>Doch so einfach ist das nicht. Sie findet sich inmitten einer schrecklichen Seuche wieder, die Norwegen heimsucht, bevor sie daran denken kann, zur\u00fcckzukehren. Und dann sind da die H\u00e4scher von Bischof Bernhard, die sie fangen und ausliefern wollen. Einer davon ist so perfide, dass sie ihm guten Glaubens auf den Leim geht\u2026<\/p>\n<p>Doch Amalia ist gewitzt. Sie nutzt einen Aufenthalt bei Richardis von Stade, der Freundin und Vertrauten von Hildegard von Bingen, um alte Rechnungen zu begleichen und ihrem Ziel n\u00e4herzukommen, bei Hildegard in die Lehre zu gehen.<\/p>\n<p>Doch vorher muss sie noch zur\u00fcck und nach ihrer Familie sehen, in der Hoffnung, noch jemanden lebend anzutreffen.<\/p>\n<p>Eine fesselnde Entwicklung f\u00fcr die 15j\u00e4hrige, die ihr alles abverlangt.<\/p>\t\t\t\t\t\t\t\t<\/div>\n\t\t\t\t<div class=\"elementor-element elementor-element-905eebc elementor-widget elementor-widget-image\" data-id=\"905eebc\" data-element_type=\"widget\" data-widget_type=\"image.default\">\n\t\t\t\t\t\t\t\t\t\t\t\t\t\t\t<img decoding=\"async\" width=\"683\" height=\"1024\" src=\"https:\/\/nick-stein.com\/wp-content\/uploads\/2025\/11\/Titelblatt-Ende-aller-Wunden-2-683x1024.jpg\" class=\"attachment-large size-large wp-image-1101\" alt=\"\" srcset=\"https:\/\/nick-stein.com\/wp-content\/uploads\/2025\/11\/Titelblatt-Ende-aller-Wunden-2-683x1024.jpg 683w, https:\/\/nick-stein.com\/wp-content\/uploads\/2025\/11\/Titelblatt-Ende-aller-Wunden-2-200x300.jpg 200w, https:\/\/nick-stein.com\/wp-content\/uploads\/2025\/11\/Titelblatt-Ende-aller-Wunden-2-768x1152.jpg 768w, https:\/\/nick-stein.com\/wp-content\/uploads\/2025\/11\/Titelblatt-Ende-aller-Wunden-2.jpg 1024w\" sizes=\"(max-width: 683px) 100vw, 683px\" \/>\t\t\t\t\t\t\t\t\t\t\t\t\t\t\t<\/div>\n\t\t\t\t\t<\/div>\n\t\t\t\t<\/div>\n\t\t<div class=\"elementor-element elementor-element-6f66d66 e-grid e-con-boxed e-con e-parent\" data-id=\"6f66d66\" data-element_type=\"container\">\n\t\t\t\t\t<div class=\"e-con-inner\">\n\t\t\t\t<div class=\"elementor-element elementor-element-c374d9d elementor-widget elementor-widget-image\" data-id=\"c374d9d\" data-element_type=\"widget\" data-widget_type=\"image.default\">\n\t\t\t\t\t\t\t\t\t\t\t\t\t\t\t<img decoding=\"async\" width=\"683\" height=\"1024\" src=\"https:\/\/nick-stein.com\/wp-content\/uploads\/2025\/11\/20251116_1643_Torchlit-Church-Scene_simple_compose_01ka6n8f22f7y9xae3tk5ce8md-683x1024.png\" class=\"attachment-large size-large wp-image-1105\" alt=\"\" srcset=\"https:\/\/nick-stein.com\/wp-content\/uploads\/2025\/11\/20251116_1643_Torchlit-Church-Scene_simple_compose_01ka6n8f22f7y9xae3tk5ce8md-683x1024.png 683w, https:\/\/nick-stein.com\/wp-content\/uploads\/2025\/11\/20251116_1643_Torchlit-Church-Scene_simple_compose_01ka6n8f22f7y9xae3tk5ce8md-200x300.png 200w, https:\/\/nick-stein.com\/wp-content\/uploads\/2025\/11\/20251116_1643_Torchlit-Church-Scene_simple_compose_01ka6n8f22f7y9xae3tk5ce8md-768x1152.png 768w, https:\/\/nick-stein.com\/wp-content\/uploads\/2025\/11\/20251116_1643_Torchlit-Church-Scene_simple_compose_01ka6n8f22f7y9xae3tk5ce8md.png 1024w\" sizes=\"(max-width: 683px) 100vw, 683px\" \/>\t\t\t\t\t\t\t\t\t\t\t\t\t\t\t<\/div>\n\t\t\t\t<div class=\"elementor-element elementor-element-7b0474d elementor-widget elementor-widget-text-editor\" data-id=\"7b0474d\" data-element_type=\"widget\" data-widget_type=\"text-editor.default\">\n\t\t\t\t\t\t\t\t\t<p>Die erste Revolution\u00e4rin der deutschen Neuzeit \u2013 eine Nonne, die als allererste mit allen Regeln bricht, einen Reformator heiratet und ihm Kinder schenkt. Und nein, die Rede ist nicht von Katharina von Bora und Luther, die waren nur die zweiten, die das taten.<\/p>\n<p><!-- \/wp:paragraph --><!-- wp:paragraph --><\/p>\n<p>Doch das Leben und die Reformation meinen es nicht gut mit den beiden, sie m\u00fcssen das Land verlassen. Doch was sie angesto\u00dfen haben, lebt weiter\u2026<\/p>\n<p><!-- \/wp:paragraph --><!-- wp:paragraph --><\/p>\n<p>Dieser Roman erscheint sp\u00e4ter, fr\u00fchestens 2026, vermutlich 2027. Titel merken und vorbestellen!<\/p>\t\t\t\t\t\t\t\t<\/div>\n\t\t\t\t\t<\/div>\n\t\t\t\t<\/div>\n\t\t\t\t<\/div>\n\t\t","protected":false},"excerpt":{"rendered":"<p>Historische Romane DIE BIERHEXE Salthall, 1151. Die unbeschwerte Jugend der jungen Amalia endet abrupt, als ihre Eltern sie verheiraten wollen. Weil sie nicht die Frau eines Schweinebauern, sondern Heilerin und Brauerin werden will, bleibt ihr nur die Flucht, um ihre Lehre bei der ber\u00fchmten Hildegard von Bingen abzuschlie\u00dfen. Doch der Weg dorthin ist weit. Ein&#8230;<\/p>\n","protected":false},"author":1,"featured_media":0,"parent":0,"menu_order":0,"comment_status":"closed","ping_status":"closed","template":"","meta":{"_kadence_starter_templates_imported_post":false,"_kad_post_transparent":"enable","_kad_post_title":"","_kad_post_layout":"","_kad_post_sidebar_id":"","_kad_post_content_style":"","_kad_post_vertical_padding":"","_kad_post_feature":"","_kad_post_feature_position":"","_kad_post_header":false,"_kad_post_footer":false,"_kad_post_classname":"","footnotes":""},"class_list":["post-844","page","type-page","status-publish","hentry"],"_links":{"self":[{"href":"https:\/\/nick-stein.com\/index.php?rest_route=\/wp\/v2\/pages\/844","targetHints":{"allow":["GET"]}}],"collection":[{"href":"https:\/\/nick-stein.com\/index.php?rest_route=\/wp\/v2\/pages"}],"about":[{"href":"https:\/\/nick-stein.com\/index.php?rest_route=\/wp\/v2\/types\/page"}],"author":[{"embeddable":true,"href":"https:\/\/nick-stein.com\/index.php?rest_route=\/wp\/v2\/users\/1"}],"replies":[{"embeddable":true,"href":"https:\/\/nick-stein.com\/index.php?rest_route=%2Fwp%2Fv2%2Fcomments&post=844"}],"version-history":[{"count":28,"href":"https:\/\/nick-stein.com\/index.php?rest_route=\/wp\/v2\/pages\/844\/revisions"}],"predecessor-version":[{"id":1375,"href":"https:\/\/nick-stein.com\/index.php?rest_route=\/wp\/v2\/pages\/844\/revisions\/1375"}],"wp:attachment":[{"href":"https:\/\/nick-stein.com\/index.php?rest_route=%2Fwp%2Fv2%2Fmedia&parent=844"}],"curies":[{"name":"wp","href":"https:\/\/api.w.org\/{rel}","templated":true}]}}