{"id":828,"date":"2025-11-16T12:43:33","date_gmt":"2025-11-16T12:43:33","guid":{"rendered":"https:\/\/nick-stein.com\/?page_id=828"},"modified":"2025-11-30T18:38:42","modified_gmt":"2025-11-30T18:38:42","slug":"thriller","status":"publish","type":"page","link":"https:\/\/nick-stein.com\/?page_id=828","title":{"rendered":"THRILLER"},"content":{"rendered":"\t\t<div data-elementor-type=\"wp-page\" data-elementor-id=\"828\" class=\"elementor elementor-828\">\n\t\t\t\t<div class=\"elementor-element elementor-element-33c28ff e-grid e-con-boxed e-con e-parent\" data-id=\"33c28ff\" data-element_type=\"container\" data-settings=\"{&quot;background_background&quot;:&quot;classic&quot;}\">\n\t\t\t\t\t<div class=\"e-con-inner\">\n\t\t\t\t<div class=\"elementor-element elementor-element-fbc3b33 elementor-widget elementor-widget-heading\" data-id=\"fbc3b33\" data-element_type=\"widget\" data-widget_type=\"heading.default\">\n\t\t\t\t\t<h2 class=\"elementor-heading-title elementor-size-default\">Hier f\u00e4ngt das Gruseln an \u2013 Thriller von Nick Stein<\/h2>\t\t\t\t<\/div>\n\t\t\t\t\t<\/div>\n\t\t\t\t<\/div>\n\t\t<div class=\"elementor-element elementor-element-07097b7 e-grid e-con-boxed e-con e-parent\" data-id=\"07097b7\" data-element_type=\"container\">\n\t\t\t\t\t<div class=\"e-con-inner\">\n\t\t\t\t<div class=\"elementor-element elementor-element-a2d6fb3 elementor-widget elementor-widget-image\" data-id=\"a2d6fb3\" data-element_type=\"widget\" data-widget_type=\"image.default\">\n\t\t\t\t\t\t\t\t\t\t\t\t\t\t\t<img fetchpriority=\"high\" decoding=\"async\" width=\"667\" height=\"1024\" src=\"https:\/\/nick-stein.com\/wp-content\/uploads\/2025\/11\/Bei-Ablehnung-Mord-667x1024.png\" class=\"attachment-large size-large wp-image-1084\" alt=\"\" srcset=\"https:\/\/nick-stein.com\/wp-content\/uploads\/2025\/11\/Bei-Ablehnung-Mord-667x1024.png 667w, https:\/\/nick-stein.com\/wp-content\/uploads\/2025\/11\/Bei-Ablehnung-Mord-195x300.png 195w, https:\/\/nick-stein.com\/wp-content\/uploads\/2025\/11\/Bei-Ablehnung-Mord-768x1179.png 768w, https:\/\/nick-stein.com\/wp-content\/uploads\/2025\/11\/Bei-Ablehnung-Mord.png 977w\" sizes=\"(max-width: 667px) 100vw, 667px\" \/>\t\t\t\t\t\t\t\t\t\t\t\t\t\t\t<\/div>\n\t\t\t\t<div class=\"elementor-element elementor-element-febd606 elementor-widget elementor-widget-image\" data-id=\"febd606\" data-element_type=\"widget\" data-widget_type=\"image.default\">\n\t\t\t\t\t\t\t\t\t\t\t\t\t\t\t<img decoding=\"async\" width=\"681\" height=\"1024\" src=\"https:\/\/nick-stein.com\/wp-content\/uploads\/2025\/11\/Atelier-des-Todes-681x1024.png\" class=\"attachment-large size-large wp-image-1085\" alt=\"\" srcset=\"https:\/\/nick-stein.com\/wp-content\/uploads\/2025\/11\/Atelier-des-Todes-681x1024.png 681w, https:\/\/nick-stein.com\/wp-content\/uploads\/2025\/11\/Atelier-des-Todes-199x300.png 199w, https:\/\/nick-stein.com\/wp-content\/uploads\/2025\/11\/Atelier-des-Todes-768x1155.png 768w, https:\/\/nick-stein.com\/wp-content\/uploads\/2025\/11\/Atelier-des-Todes.png 997w\" sizes=\"(max-width: 681px) 100vw, 681px\" \/>\t\t\t\t\t\t\t\t\t\t\t\t\t\t\t<\/div>\n\t\t\t\t<div class=\"elementor-element elementor-element-4fe751d elementor-widget elementor-widget-image\" data-id=\"4fe751d\" data-element_type=\"widget\" data-widget_type=\"image.default\">\n\t\t\t\t\t\t\t\t\t\t\t\t\t\t\t<img decoding=\"async\" width=\"669\" height=\"1024\" src=\"https:\/\/nick-stein.com\/wp-content\/uploads\/2025\/11\/Tod-eines-Milliardaers-669x1024.png\" class=\"attachment-large size-large wp-image-1086\" alt=\"\" srcset=\"https:\/\/nick-stein.com\/wp-content\/uploads\/2025\/11\/Tod-eines-Milliardaers-669x1024.png 669w, https:\/\/nick-stein.com\/wp-content\/uploads\/2025\/11\/Tod-eines-Milliardaers-196x300.png 196w, https:\/\/nick-stein.com\/wp-content\/uploads\/2025\/11\/Tod-eines-Milliardaers-768x1176.png 768w, https:\/\/nick-stein.com\/wp-content\/uploads\/2025\/11\/Tod-eines-Milliardaers.png 980w\" sizes=\"(max-width: 669px) 100vw, 669px\" \/>\t\t\t\t\t\t\t\t\t\t\t\t\t\t\t<\/div>\n\t\t\t\t<div class=\"elementor-element elementor-element-a4226b3 elementor-widget elementor-widget-image\" data-id=\"a4226b3\" data-element_type=\"widget\" data-widget_type=\"image.default\">\n\t\t\t\t\t\t\t\t\t\t\t\t\t\t\t<img loading=\"lazy\" decoding=\"async\" width=\"681\" height=\"1024\" src=\"https:\/\/nick-stein.com\/wp-content\/uploads\/2025\/11\/Abschied-einer-Moerderin-681x1024.png\" class=\"attachment-large size-large wp-image-1087\" alt=\"\" srcset=\"https:\/\/nick-stein.com\/wp-content\/uploads\/2025\/11\/Abschied-einer-Moerderin-681x1024.png 681w, https:\/\/nick-stein.com\/wp-content\/uploads\/2025\/11\/Abschied-einer-Moerderin-199x300.png 199w, https:\/\/nick-stein.com\/wp-content\/uploads\/2025\/11\/Abschied-einer-Moerderin-768x1155.png 768w, https:\/\/nick-stein.com\/wp-content\/uploads\/2025\/11\/Abschied-einer-Moerderin.png 997w\" sizes=\"(max-width: 681px) 100vw, 681px\" \/>\t\t\t\t\t\t\t\t\t\t\t\t\t\t\t<\/div>\n\t\t\t\t\t<\/div>\n\t\t\t\t<\/div>\n\t\t<div class=\"elementor-element elementor-element-ac01f76 e-grid e-con-boxed e-con e-parent\" data-id=\"ac01f76\" data-element_type=\"container\">\n\t\t\t\t\t<div class=\"e-con-inner\">\n\t\t\t\t<div class=\"elementor-element elementor-element-3eaad09 elementor-widget elementor-widget-text-editor\" data-id=\"3eaad09\" data-element_type=\"widget\" data-widget_type=\"text-editor.default\">\n\t\t\t\t\t\t\t\t\t<h2 style=\"text-align: center;\">Die Tetralogie<\/h2>\n<p>\u00fcber einen, der mordet und selbst ermordet wird, und \u00fcber eine M\u00f6rderin, die ihren Tod vort\u00e4uschen muss und dann doch den Milliard\u00e4r <strong>RONALD DUMB<\/strong> umbringen soll. Dutzende Leiden s\u00e4umen den Weg der beiden, und dass sie geschnappt werden, ist \u00e4u\u00dferst unwahrscheinlich. Perfekte Morde, erz\u00e4hlt im Imperfekt.<\/p>\n<p>\u00dcbringens das perfekte Buchensemble f\u00fcr den Kaffeetisch, wenn G\u00e4ste erwartet werden. Die vier B\u00e4nde ergeben ein Gesamtbild, auch die Buchr\u00fccken. Muss man haben!<\/p>\t\t\t\t\t\t\t\t<\/div>\n\t\t\t\t\t<\/div>\n\t\t\t\t<\/div>\n\t\t<div class=\"elementor-element elementor-element-7859e8c e-flex e-con-boxed e-con e-parent\" data-id=\"7859e8c\" data-element_type=\"container\">\n\t\t\t\t\t<div class=\"e-con-inner\">\n\t\t\t\t<div class=\"elementor-element elementor-element-d3173a8 elementor-widget elementor-widget-heading\" data-id=\"d3173a8\" data-element_type=\"widget\" data-widget_type=\"heading.default\">\n\t\t\t\t\t<h2 class=\"elementor-heading-title elementor-size-default\">Weitere Thriller<\/h2>\t\t\t\t<\/div>\n\t\t\t\t\t<\/div>\n\t\t\t\t<\/div>\n\t\t<div class=\"elementor-element elementor-element-c8a3d14 e-grid e-con-boxed e-con e-parent\" data-id=\"c8a3d14\" data-element_type=\"container\">\n\t\t\t\t\t<div class=\"e-con-inner\">\n\t\t\t\t<div class=\"elementor-element elementor-element-513b9a5 elementor-widget elementor-widget-image\" data-id=\"513b9a5\" data-element_type=\"widget\" data-widget_type=\"image.default\">\n\t\t\t\t\t\t\t\t\t\t\t\t\t\t\t<img loading=\"lazy\" decoding=\"async\" width=\"640\" height=\"1024\" src=\"https:\/\/nick-stein.com\/wp-content\/uploads\/2025\/11\/Lautlos-640x1024.jpg\" class=\"attachment-large size-large wp-image-1091\" alt=\"\" srcset=\"https:\/\/nick-stein.com\/wp-content\/uploads\/2025\/11\/Lautlos-640x1024.jpg 640w, https:\/\/nick-stein.com\/wp-content\/uploads\/2025\/11\/Lautlos-187x300.jpg 187w, https:\/\/nick-stein.com\/wp-content\/uploads\/2025\/11\/Lautlos-768x1229.jpg 768w, https:\/\/nick-stein.com\/wp-content\/uploads\/2025\/11\/Lautlos.jpg 937w\" sizes=\"(max-width: 640px) 100vw, 640px\" \/>\t\t\t\t\t\t\t\t\t\t\t\t\t\t\t<\/div>\n\t\t\t\t<div class=\"elementor-element elementor-element-3f39f00 elementor-widget elementor-widget-text-editor\" data-id=\"3f39f00\" data-element_type=\"widget\" data-widget_type=\"text-editor.default\">\n\t\t\t\t\t\t\t\t\t<h2 style=\"text-align: center;\">Eine Taube unter Falken\u00a0<\/h2>\n<p style=\"text-align: left;\">was kann eine junge Geh\u00f6rlose tun, wenn sie unversehens zur Mitwisserin einer Verschw\u00f6rung gegen die Menschheit wird?<br \/>Die geh\u00f6rlose Sarah K. ist nach Davos gekommen, weil sie als Beta-Testerin eines neuen \u00dcbersetzungsger\u00e4tes f\u00fcr H\u00f6rgesch\u00e4digte dorthin eingeladen worden ist. Doch am Rande des Weltwirtschaftsforums wird sie Zeugin eines Treffens einer Elitegruppe, welche die von Corona angeschlagene Welt radikal und r\u00fccksichtslos umbauen will.<br \/>Jemand mit ihrem Nachnamen geh\u00f6rt dieser Gruppe an. Ist es ihr verschollener Vater?<br \/>Nachdem ihr neues Ger\u00e4t automatisch eine Pr\u00e4sentation heruntergeladen hat, die alle Geheimnisse der Gruppe enth\u00e4lt, wird Sarah von Profikillern verfolgt, denen ein Toter mehr oder weniger herzlich egal ist \u2026<\/p>\n<blockquote>\n<div class=\"a-row a-spacing-mini\" data-hook=\"genome-widget\">\n<div class=\"a-profile-avatar-wrapper\" aria-hidden=\"true\">\n<div class=\"a-profile-avatar\">\u00a0<\/div>\n<\/div>\n<div class=\"a-profile-content\"><strong><span class=\"a-profile-name\" style=\"color: #cc99ff;\">Petzille<\/span><\/strong><\/div>\n<\/div>\n<div class=\"a-row\">\n<h5><a class=\"a-size-base a-link-normal review-title a-color-base review-title-content a-text-bold\" href=\"https:\/\/www.amazon.de\/gp\/customer-reviews\/R3EQ37HFYAQR7K\/ref=cm_cr_dp_d_rvw_ttl?ie=UTF8\" data-hook=\"review-title\"><i class=\"a-icon a-icon-star a-star-5 review-rating\" data-hook=\"review-star-rating\"><span class=\"a-icon-alt\">5,0 von 5 Sternen<\/span><\/i><\/a><\/h5>\n<h5><a class=\"a-size-base a-link-normal review-title a-color-base review-title-content a-text-bold\" href=\"https:\/\/www.amazon.de\/gp\/customer-reviews\/R3EQ37HFYAQR7K\/ref=cm_cr_dp_d_rvw_ttl?ie=UTF8\" data-hook=\"review-title\"> Spannend und verst\u00f6rend <\/a><\/h5>\n<\/div>\n<p style=\"text-align: left;\"><span class=\"cr-widget-FocalReviews\" data-hook=\"cr-widget-FocalReviews\"><span class=\"a-list-item\"><span class=\"a-size-base a-color-secondary review-date\" role=\"heading\" data-hook=\"review-date\" aria-level=\"6\">Bewertet in Deutschland am 7. Januar 2021<\/span><\/span><\/span><\/p>\n<div class=\"a-row a-spacing-small review-data\">\n<div class=\"a-expander-collapsed-height a-row a-expander-container a-expander-partial-collapse-container review-text-read-more-expander\" data-a-expander-name=\"review_text_read_more\" data-a-expander-collapsed-height=\"300\">\n<div class=\"a-expander-content reviewText review-text-content a-expander-partial-collapse-content\" style=\"text-align: left;\" data-hook=\"review-collapsed\" data-expanded=\"false\">Ganz aktuell &#8211; Verschw\u00f6rungstherorien und Corona-Krise &#8211; dazu absolut spannend und voller Action. Eine junge taube Frau soll eine neue App zum Geb\u00e4rdendolmetschen testen und ger\u00e4t aus Versehen an Informationen einer Gruppe von Verschw\u00f6rern und damit in Lebensgefahr. Eine rasante Flucht und Suche beginnt. Ich konnte das Buch gar nicht mehr aus der Hand legen. Super geschrieben, Spannung pur. W\u00fcrde ich gern als Film sehen.<br \/>Das Ende \u00fcberrascht dann.<\/div>\n<\/div>\n<\/div>\n<\/blockquote>\t\t\t\t\t\t\t\t<\/div>\n\t\t\t\t\t<\/div>\n\t\t\t\t<\/div>\n\t\t\t\t<\/div>\n\t\t","protected":false},"excerpt":{"rendered":"<p>Hier f\u00e4ngt das Gruseln an \u2013 Thriller von Nick Stein Die Tetralogie \u00fcber einen, der mordet und selbst ermordet wird, und \u00fcber eine M\u00f6rderin, die ihren Tod vort\u00e4uschen muss und dann doch den Milliard\u00e4r RONALD DUMB umbringen soll. Dutzende Leiden s\u00e4umen den Weg der beiden, und dass sie geschnappt werden, ist \u00e4u\u00dferst unwahrscheinlich. Perfekte Morde,&#8230;<\/p>\n","protected":false},"author":1,"featured_media":0,"parent":0,"menu_order":0,"comment_status":"closed","ping_status":"closed","template":"","meta":{"_kadence_starter_templates_imported_post":false,"_kad_post_transparent":"enable","_kad_post_title":"default","_kad_post_layout":"default","_kad_post_sidebar_id":"","_kad_post_content_style":"unboxed","_kad_post_vertical_padding":"hide","_kad_post_feature":"hide","_kad_post_feature_position":"","_kad_post_header":false,"_kad_post_footer":false,"_kad_post_classname":"","footnotes":""},"class_list":["post-828","page","type-page","status-publish","hentry"],"_links":{"self":[{"href":"https:\/\/nick-stein.com\/index.php?rest_route=\/wp\/v2\/pages\/828","targetHints":{"allow":["GET"]}}],"collection":[{"href":"https:\/\/nick-stein.com\/index.php?rest_route=\/wp\/v2\/pages"}],"about":[{"href":"https:\/\/nick-stein.com\/index.php?rest_route=\/wp\/v2\/types\/page"}],"author":[{"embeddable":true,"href":"https:\/\/nick-stein.com\/index.php?rest_route=\/wp\/v2\/users\/1"}],"replies":[{"embeddable":true,"href":"https:\/\/nick-stein.com\/index.php?rest_route=%2Fwp%2Fv2%2Fcomments&post=828"}],"version-history":[{"count":13,"href":"https:\/\/nick-stein.com\/index.php?rest_route=\/wp\/v2\/pages\/828\/revisions"}],"predecessor-version":[{"id":1359,"href":"https:\/\/nick-stein.com\/index.php?rest_route=\/wp\/v2\/pages\/828\/revisions\/1359"}],"wp:attachment":[{"href":"https:\/\/nick-stein.com\/index.php?rest_route=%2Fwp%2Fv2%2Fmedia&parent=828"}],"curies":[{"name":"wp","href":"https:\/\/api.w.org\/{rel}","templated":true}]}}