{"id":763,"date":"2025-11-15T12:11:47","date_gmt":"2025-11-15T12:11:47","guid":{"rendered":"https:\/\/nick-stein.com\/?page_id=763"},"modified":"2025-11-25T19:35:08","modified_gmt":"2025-11-25T19:35:08","slug":"ueber-mich","status":"publish","type":"page","link":"https:\/\/nick-stein.com\/?page_id=763","title":{"rendered":"\u00dcber mich"},"content":{"rendered":"\t\t<div data-elementor-type=\"wp-page\" data-elementor-id=\"763\" class=\"elementor elementor-763\">\n\t\t\t\t<div class=\"elementor-element elementor-element-6c92b3f e-flex e-con-boxed e-con e-parent\" data-id=\"6c92b3f\" data-element_type=\"container\" data-settings=\"{&quot;background_background&quot;:&quot;classic&quot;}\">\n\t\t\t\t\t<div class=\"e-con-inner\">\n\t\t\t\t<div class=\"elementor-element elementor-element-5390147 elementor-widget elementor-widget-heading\" data-id=\"5390147\" data-element_type=\"widget\" data-widget_type=\"heading.default\">\n\t\t\t\t\t<h2 class=\"elementor-heading-title elementor-size-default\">Was mich umtreibt:<\/h2>\t\t\t\t<\/div>\n\t\t\t\t\t<\/div>\n\t\t\t\t<\/div>\n\t\t<div class=\"elementor-element elementor-element-f8d00f8 e-flex e-con-boxed e-con e-parent\" data-id=\"f8d00f8\" data-element_type=\"container\">\n\t\t\t\t\t<div class=\"e-con-inner\">\n\t\t\t\t<div class=\"elementor-element elementor-element-0b90f1f elementor-widget elementor-widget-text-editor\" data-id=\"0b90f1f\" data-element_type=\"widget\" data-widget_type=\"text-editor.default\">\n\t\t\t\t\t\t\t\t\t<h2 style=\"text-align: center;\"><strong><span style=\"color: #333333;\">ES IST DIE LUST AM FABULIEREN<\/span><\/strong><\/h2>\n<p><span style=\"color: #000000;\">die mich zum Schreiben bringt. Ich erinnere mich noch an die 7. Klasse \u2013 wir sollten damals im Deutschunterricht eine Geschichte fortsetzen, die der Lehrer (der sympathische Herr Kr\u00f6ber, vorher Privatlehrer bei den Krupps) uns vorgesetzt hatte. Ich machte daraus eine spannende Jagd, die in Tanger, Marokko, tragisch endete. Ich musste sie vor der Klasse vortragen, und der Lehrer empfahl mir, doch mit dem Schreiben anzufangen. War das der posthypnotische Befehl, jetzt ein Buch nach dem anderen aus meiner Feder zu entlassen? Wer wei\u00df.<\/span><\/p>\t\t\t\t\t\t\t\t<\/div>\n\t\t\t\t\t<\/div>\n\t\t\t\t<\/div>\n\t\t<div class=\"elementor-element elementor-element-5775f04 e-grid e-con-boxed e-con e-parent\" data-id=\"5775f04\" data-element_type=\"container\">\n\t\t\t\t\t<div class=\"e-con-inner\">\n\t\t\t\t<div class=\"elementor-element elementor-element-f230a4d elementor-widget elementor-widget-image\" data-id=\"f230a4d\" data-element_type=\"widget\" data-widget_type=\"image.default\">\n\t\t\t\t\t\t\t\t\t\t\t\t<figure class=\"wp-caption\">\n\t\t\t\t\t\t\t\t\t\t<img fetchpriority=\"high\" decoding=\"async\" width=\"1024\" height=\"569\" src=\"https:\/\/nick-stein.com\/wp-content\/uploads\/2025\/11\/Stein-in-der-Toskana-1024x569.jpg\" class=\"attachment-large size-large wp-image-1126\" alt=\"\" srcset=\"https:\/\/nick-stein.com\/wp-content\/uploads\/2025\/11\/Stein-in-der-Toskana-1024x569.jpg 1024w, https:\/\/nick-stein.com\/wp-content\/uploads\/2025\/11\/Stein-in-der-Toskana-300x167.jpg 300w, https:\/\/nick-stein.com\/wp-content\/uploads\/2025\/11\/Stein-in-der-Toskana-768x427.jpg 768w, https:\/\/nick-stein.com\/wp-content\/uploads\/2025\/11\/Stein-in-der-Toskana-1536x853.jpg 1536w, https:\/\/nick-stein.com\/wp-content\/uploads\/2025\/11\/Stein-in-der-Toskana.jpg 1843w\" sizes=\"(max-width: 1024px) 100vw, 1024px\" \/>\t\t\t\t\t\t\t\t\t\t\t<figcaption class=\"widget-image-caption wp-caption-text\">In der Toskana l\u00e4sst es sich auf Goethes Spuren herrlich fabulieren.<\/figcaption>\n\t\t\t\t\t\t\t\t\t\t<\/figure>\n\t\t\t\t\t\t\t\t\t<\/div>\n\t\t\t\t\t<\/div>\n\t\t\t\t<\/div>\n\t\t<div class=\"elementor-element elementor-element-2e7124e e-grid e-con-boxed e-con e-parent\" data-id=\"2e7124e\" data-element_type=\"container\">\n\t\t\t\t\t<div class=\"e-con-inner\">\n\t\t\t\t<div class=\"elementor-element elementor-element-3663789 elementor-widget elementor-widget-text-editor\" data-id=\"3663789\" data-element_type=\"widget\" data-widget_type=\"text-editor.default\">\n\t\t\t\t\t\t\t\t\t<p>Es ist auch die Lust an Sprache und Sprachen. F\u00fcr jedes Land, das ich bereist habe, musste ich mir zumindest Grundkenntnisse der Landessprache aneignen. Latein fiel mir leicht, wenn es in der 13. manchmal auch zu viel Gutes zu rauchen gab, was den Erfolg etwas geschm\u00e4lert hatte. Dann: Die Sch\u00f6nheit es Italienischen! Das weiche Sprudeln des Portugiesischen! Der Wortschatz des Englischen!<\/p>\n<p>Was also studieren? Meine Wahl fiel aufs Chinesische, damals ein absolutes Exotenfach, beim Klassischen Chinesisch war ich allein mit dem Professor, beim Modernen waren wir immerhin sieben, sp\u00e4ter mehr.\u00a0<\/p>\n<p>Eine gute Wahl? Wie man es nimmt. Ich habe insgesamt 35 Jahre on und off in China zugebracht, an vielen Orten, zum Schluss in Hongkong auf einer ruhigen Insel. Mit Schreiben war da nicht viel; mit \u00dcbersetzen schon mehr, auch von chinesischer Literatur. Und dann: Heirat mit einer Chinesin, der Aufruf zum Geldverdienen. Schreiben von Gesch\u00e4ftsberichten, Mails und Patentantr\u00e4gen (darunter einige von mir selbst).<\/p>\n<p>Da hatte sich vieles aufgestaut! Zur\u00fcck in G\u00f6ttingen, Deutschland, noch ohne viele Freunde, hatte ich Platz und Zeit, und schon ging es los, und zwar mit einem Sachbuch, dessen Thematik mir auf den N\u00e4geln brannte. Ein anderes Buch, Zen und die Kunst des B\u00fcgelns, entstand ebenfalls zu dieser Zeit.\u00a0<\/p>\n<p>\u00a0<\/p>\t\t\t\t\t\t\t\t<\/div>\n\t\t\t\t\t<\/div>\n\t\t\t\t<\/div>\n\t\t<div class=\"elementor-element elementor-element-8eaafd4 e-grid e-con-boxed e-con e-parent\" data-id=\"8eaafd4\" data-element_type=\"container\">\n\t\t\t\t\t<div class=\"e-con-inner\">\n\t\t\t\t<div class=\"elementor-element elementor-element-c025911 elementor-widget elementor-widget-text-editor\" data-id=\"c025911\" data-element_type=\"widget\" data-widget_type=\"text-editor.default\">\n\t\t\t\t\t\t\t\t\t<p>Irgendwer gab mir den Rat: Wenn du was ver\u00f6ffentlichen willst und bekannt werden willst, fang mit Krimis an. Gesagt, getan. Und da mir schon immer die Natur sehr am Herzen lag, wurden Umwelt- und Klimaschutzfragen gleich in die Krimis mit hineingepackt. Der erste, Adlerkiller, handelte von Kriminellen, die die damals noch wenigen Seeadler aus wirtschaftlichen Gr\u00fcnden bek\u00e4mpften. Der Held, ein noch 17j\u00e4hriger Gr\u00fcnschnabel namens Lukas Jansen, schafft es nat\u00fcrlich, das aufzukl\u00e4ren.<\/p>\n<p>\u00a0<\/p>\t\t\t\t\t\t\t\t<\/div>\n\t\t\t\t<div class=\"elementor-element elementor-element-30f360f elementor-widget elementor-widget-image\" data-id=\"30f360f\" data-element_type=\"widget\" data-widget_type=\"image.default\">\n\t\t\t\t\t\t\t\t\t\t\t\t\t\t\t<img decoding=\"async\" width=\"1020\" height=\"1024\" src=\"https:\/\/nick-stein.com\/wp-content\/uploads\/2025\/11\/NS-retina-logo-1020x1024.jpg\" class=\"attachment-large size-large wp-image-1041\" alt=\"\" srcset=\"https:\/\/nick-stein.com\/wp-content\/uploads\/2025\/11\/NS-retina-logo-1020x1024.jpg 1020w, https:\/\/nick-stein.com\/wp-content\/uploads\/2025\/11\/NS-retina-logo-300x300.jpg 300w, https:\/\/nick-stein.com\/wp-content\/uploads\/2025\/11\/NS-retina-logo-150x150.jpg 150w, https:\/\/nick-stein.com\/wp-content\/uploads\/2025\/11\/NS-retina-logo-768x771.jpg 768w, https:\/\/nick-stein.com\/wp-content\/uploads\/2025\/11\/NS-retina-logo.jpg 1200w\" sizes=\"(max-width: 1020px) 100vw, 1020px\" \/>\t\t\t\t\t\t\t\t\t\t\t\t\t\t\t<\/div>\n\t\t\t\t<div class=\"elementor-element elementor-element-c44e586 elementor-widget elementor-widget-text-editor\" data-id=\"c44e586\" data-element_type=\"widget\" data-widget_type=\"text-editor.default\">\n\t\t\t\t\t\t\t\t\t<p>Der zweite Band war dann sehr erfolgreich und hatte eine Zeit lang Bestsellerstatus: Bienenkiller. Wahrscheinlich war dieser Erfolg weniger dem Inhalt geschuldet, sondern der N\u00e4he zu anderen Werken, die Bienen und Bienensterben im Titel hatten, aber sei&#8217;s drum.\u00a0<\/p>\n<p>Und so ging das weiter. Die Reihe mit Lukas Jansen wurde fortgesetzt und lebt immer noch, nach \u00fcber zehn Jahren und elf Titeln. Dazu kamen einige Thriller, darunter eine sehr spannende Tetralogie (lesen, bitte!), die Blutb\u00fccher.<\/p>\n<p>\u00a0<\/p>\t\t\t\t\t\t\t\t<\/div>\n\t\t\t\t\t<\/div>\n\t\t\t\t<\/div>\n\t\t<div class=\"elementor-element elementor-element-9780ccf e-grid e-con-boxed e-con e-parent\" data-id=\"9780ccf\" data-element_type=\"container\">\n\t\t\t\t\t<div class=\"e-con-inner\">\n\t\t\t\t<div class=\"elementor-element elementor-element-9dc3481 elementor-widget elementor-widget-text-editor\" data-id=\"9dc3481\" data-element_type=\"widget\" data-widget_type=\"text-editor.default\">\n\t\t\t\t\t\t\t\t\t<p>Die Lust am Fabulieren ging weiter. Im &#8222;Toten vom T\u00f6pfermarkt&#8220; wurde das ganze Dorf veralbert, in dem ich lebe, was das Dorf aber sehr gut fand. Verschw\u00f6rungstheorien wurden in &#8222;Lautlos&#8220; aufgegriffen, daneben entstanden auch seri\u00f6se Romane wie &#8222;Letzte Ausfahrt Eden&#8220;, Kurzgeschichten und anderes.<\/p>\n<p>Doch durch alles zog und zieht sich das sehr ernste Thema, wie wir leben sollten, wie die Natur um uns \u00fcberleben kann, wie wir uns zu verhalten haben. Das musste irgendwann ein Ende haben, und so entstand &#8222;Tyrannthropos muss sterben&#8220;, das Sachbuch \u00fcber notwendig erachtete \u00c4nderungen des politischen und wirtschaftlichen Systems und unserer selbst.<\/p>\t\t\t\t\t\t\t\t<\/div>\n\t\t\t\t\t<\/div>\n\t\t\t\t<\/div>\n\t\t<div class=\"elementor-element elementor-element-b81ff67 e-grid e-con-boxed e-con e-parent\" data-id=\"b81ff67\" data-element_type=\"container\">\n\t\t\t\t\t<div class=\"e-con-inner\">\n\t\t\t\t<div class=\"elementor-element elementor-element-a3128aa elementor-widget elementor-widget-image\" data-id=\"a3128aa\" data-element_type=\"widget\" data-widget_type=\"image.default\">\n\t\t\t\t\t\t\t\t\t\t\t\t<figure class=\"wp-caption\">\n\t\t\t\t\t\t\t\t\t\t<img decoding=\"async\" width=\"1024\" height=\"681\" src=\"https:\/\/nick-stein.com\/wp-content\/uploads\/2025\/11\/hongkong-skyline-1-1024x681.png\" class=\"attachment-large size-large wp-image-1133\" alt=\"\" srcset=\"https:\/\/nick-stein.com\/wp-content\/uploads\/2025\/11\/hongkong-skyline-1-1024x681.png 1024w, https:\/\/nick-stein.com\/wp-content\/uploads\/2025\/11\/hongkong-skyline-1-300x200.png 300w, https:\/\/nick-stein.com\/wp-content\/uploads\/2025\/11\/hongkong-skyline-1-768x511.png 768w, https:\/\/nick-stein.com\/wp-content\/uploads\/2025\/11\/hongkong-skyline-1-1536x1022.png 1536w, https:\/\/nick-stein.com\/wp-content\/uploads\/2025\/11\/hongkong-skyline-1-2048x1363.png 2048w\" sizes=\"(max-width: 1024px) 100vw, 1024px\" \/>\t\t\t\t\t\t\t\t\t\t\t<figcaption class=\"widget-image-caption wp-caption-text\">Hier habe ich gearbeitet\u2026<\/figcaption>\n\t\t\t\t\t\t\t\t\t\t<\/figure>\n\t\t\t\t\t\t\t\t\t<\/div>\n\t\t\t\t<div class=\"elementor-element elementor-element-162d1e5 elementor-widget elementor-widget-image\" data-id=\"162d1e5\" data-element_type=\"widget\" data-widget_type=\"image.default\">\n\t\t\t\t\t\t\t\t\t\t\t\t<figure class=\"wp-caption\">\n\t\t\t\t\t\t\t\t\t\t<img loading=\"lazy\" decoding=\"async\" width=\"1024\" height=\"684\" src=\"https:\/\/nick-stein.com\/wp-content\/uploads\/2025\/11\/HK-Islands-2-1024x684.png\" class=\"attachment-large size-large wp-image-1136\" alt=\"\" srcset=\"https:\/\/nick-stein.com\/wp-content\/uploads\/2025\/11\/HK-Islands-2-1024x684.png 1024w, https:\/\/nick-stein.com\/wp-content\/uploads\/2025\/11\/HK-Islands-2-300x200.png 300w, https:\/\/nick-stein.com\/wp-content\/uploads\/2025\/11\/HK-Islands-2-768x513.png 768w, https:\/\/nick-stein.com\/wp-content\/uploads\/2025\/11\/HK-Islands-2-1536x1025.png 1536w, https:\/\/nick-stein.com\/wp-content\/uploads\/2025\/11\/HK-Islands-2-2048x1367.png 2048w\" sizes=\"(max-width: 1024px) 100vw, 1024px\" \/>\t\t\t\t\t\t\t\t\t\t\t<figcaption class=\"widget-image-caption wp-caption-text\">Aber hier habe ich gelebt und im PC Coffee Romane geschrieben!<\/figcaption>\n\t\t\t\t\t\t\t\t\t\t<\/figure>\n\t\t\t\t\t\t\t\t\t<\/div>\n\t\t\t\t\t<\/div>\n\t\t\t\t<\/div>\n\t\t<div class=\"elementor-element elementor-element-PgPmYdC e-flex e-con-boxed e-con e-parent\" data-id=\"PgPmYdC\" data-element_type=\"container\">\n\t\t\t\t\t<div class=\"e-con-inner\">\n\t\t<div class=\"elementor-element elementor-element-zXHKCBo e-con-full e-flex e-con e-child\" data-id=\"zXHKCBo\" data-element_type=\"container\">\n\t\t\t\t<div class=\"elementor-element elementor-element-GMyZEtS elementor-widget elementor-widget-heading\" data-id=\"GMyZEtS\" data-element_type=\"widget\" data-widget_type=\"heading.default\">\n\t\t\t\t\t<h2 class=\"elementor-heading-title elementor-size-default\">Einblicke in Meine Welt<\/h2>\t\t\t\t<\/div>\n\t\t\t\t<div class=\"elementor-element elementor-element-2g95P7G elementor-widget elementor-widget-text-editor\" data-id=\"2g95P7G\" data-element_type=\"widget\" data-widget_type=\"text-editor.default\">\n\t\t\t\t\t\t\t\t\t<p>Jede Geschichte ist ein Fenster zu neuen Erlebnissen. Ich lade dich ein, meine Welt zu entdecken, von den charmanten Landschaften Italiens bis zu den lebhaften Stra\u00dfen von Hongkong, die meine Geschichten pr\u00e4gen. Hier teile ich meine liebsten Orte, die mich zum Schreiben inspirieren.<\/p>\t\t\t\t\t\t\t\t<\/div>\n\t\t\t\t<\/div>\n\t\t<div class=\"elementor-element elementor-element-nDeEfjO e-con-full e-flex e-con e-child\" data-id=\"nDeEfjO\" data-element_type=\"container\">\n\t\t\t\t<div class=\"elementor-element elementor-element-Six5W2G elementor-widget elementor-widget-heading\" data-id=\"Six5W2G\" data-element_type=\"widget\" data-widget_type=\"heading.default\">\n\t\t\t\t\t<h2 class=\"elementor-heading-title elementor-size-default\">Erfahrungen und Inspirationen<\/h2>\t\t\t\t<\/div>\n\t\t\t\t<div class=\"elementor-element elementor-element-SlcVjW1 elementor-widget elementor-widget-text-editor\" data-id=\"SlcVjW1\" data-element_type=\"widget\" data-widget_type=\"text-editor.default\">\n\t\t\t\t\t\t\t\t\t<p>Jeder von uns hat eine Geschichte, die stark durch die Orte, an denen wir leben, beeinflusst wird. Sei es das ruhige Fl\u00fcstern der Toskana oder die pulsierende Energie von Hongkong \u2013 jeder Standort hat eine eigene Stimme. In meinen Erz\u00e4hlungen m\u00f6chte ich diese Stimmen teilen und lade dich ein, gemeinsam mit mir zu reisen.<\/p>\t\t\t\t\t\t\t\t<\/div>\n\t\t\t\t<\/div>\n\t\t\t\t\t<\/div>\n\t\t\t\t<\/div>\n\t\t\t\t<\/div>\n\t\t","protected":false},"excerpt":{"rendered":"<p>Was mich umtreibt: ES IST DIE LUST AM FABULIEREN die mich zum Schreiben bringt. Ich erinnere mich noch an die 7. Klasse \u2013 wir sollten damals im Deutschunterricht eine Geschichte fortsetzen, die der Lehrer (der sympathische Herr Kr\u00f6ber, vorher Privatlehrer bei den Krupps) uns vorgesetzt hatte. Ich machte daraus eine spannende Jagd, die in Tanger,&#8230;<\/p>\n","protected":false},"author":1,"featured_media":936,"parent":0,"menu_order":0,"comment_status":"closed","ping_status":"closed","template":"","meta":{"_kadence_starter_templates_imported_post":false,"_kad_post_transparent":"","_kad_post_title":"","_kad_post_layout":"","_kad_post_sidebar_id":"","_kad_post_content_style":"","_kad_post_vertical_padding":"","_kad_post_feature":"","_kad_post_feature_position":"","_kad_post_header":false,"_kad_post_footer":false,"_kad_post_classname":"","footnotes":""},"class_list":["post-763","page","type-page","status-publish","has-post-thumbnail","hentry"],"_links":{"self":[{"href":"https:\/\/nick-stein.com\/index.php?rest_route=\/wp\/v2\/pages\/763","targetHints":{"allow":["GET"]}}],"collection":[{"href":"https:\/\/nick-stein.com\/index.php?rest_route=\/wp\/v2\/pages"}],"about":[{"href":"https:\/\/nick-stein.com\/index.php?rest_route=\/wp\/v2\/types\/page"}],"author":[{"embeddable":true,"href":"https:\/\/nick-stein.com\/index.php?rest_route=\/wp\/v2\/users\/1"}],"replies":[{"embeddable":true,"href":"https:\/\/nick-stein.com\/index.php?rest_route=%2Fwp%2Fv2%2Fcomments&post=763"}],"version-history":[{"count":12,"href":"https:\/\/nick-stein.com\/index.php?rest_route=\/wp\/v2\/pages\/763\/revisions"}],"predecessor-version":[{"id":1139,"href":"https:\/\/nick-stein.com\/index.php?rest_route=\/wp\/v2\/pages\/763\/revisions\/1139"}],"wp:featuredmedia":[{"embeddable":true,"href":"https:\/\/nick-stein.com\/index.php?rest_route=\/wp\/v2\/media\/936"}],"wp:attachment":[{"href":"https:\/\/nick-stein.com\/index.php?rest_route=%2Fwp%2Fv2%2Fmedia&parent=763"}],"curies":[{"name":"wp","href":"https:\/\/api.w.org\/{rel}","templated":true}]}}