{"id":762,"date":"2025-11-15T12:11:47","date_gmt":"2025-11-15T12:11:47","guid":{"rendered":"https:\/\/nick-stein.com\/?page_id=762"},"modified":"2025-11-30T18:00:12","modified_gmt":"2025-11-30T18:00:12","slug":"lustig-kurz","status":"publish","type":"page","link":"https:\/\/nick-stein.com\/?page_id=762","title":{"rendered":"Lustig &#038; Kurz"},"content":{"rendered":"\t\t<div data-elementor-type=\"wp-page\" data-elementor-id=\"762\" class=\"elementor elementor-762\">\n\t\t\t\t<div class=\"elementor-element elementor-element-68095ff e-con-full e-flex e-con e-parent\" data-id=\"68095ff\" data-element_type=\"container\" data-settings=\"{&quot;background_background&quot;:&quot;classic&quot;}\">\n\t\t\t\t<div class=\"elementor-element elementor-element-80b8a40 elementor-widget elementor-widget-heading\" data-id=\"80b8a40\" data-element_type=\"widget\" data-widget_type=\"heading.default\">\n\t\t\t\t\t<h2 class=\"elementor-heading-title elementor-size-default\">KURZ UND KURZWEIL<\/h2>\t\t\t\t<\/div>\n\t\t\t\t<\/div>\n\t\t<div class=\"elementor-element elementor-element-429004ec e-flex e-con-boxed e-con e-parent\" data-id=\"429004ec\" data-element_type=\"container\">\n\t\t\t\t\t<div class=\"e-con-inner\">\n\t\t\t\t<div class=\"elementor-element elementor-element-58ab7b18 elementor-widget elementor-widget-text-editor\" data-id=\"58ab7b18\" data-element_type=\"widget\" data-widget_type=\"text-editor.default\">\n\t\t\t\t\t\t\t\t\t\n<div class=\"wp-block-media-text is-stacked-on-mobile\">\n<figure class=\"wp-block-media-text__media\"><a href=\"https:\/\/www.thalia.de\/shop\/home\/artikeldetails\/A1058714526\" target=\"_blank\" rel=\"noreferrer noopener\"><img fetchpriority=\"high\" decoding=\"async\" width=\"731\" height=\"1024\" class=\"wp-image-796 size-full\" src=\"https:\/\/nick-stein.com\/wp-content\/uploads\/2025\/11\/Der-Tote-vom-Toepfermarkt-Titelbild-731x1024.jpg\" alt=\"\" srcset=\"https:\/\/nick-stein.com\/wp-content\/uploads\/2025\/11\/Der-Tote-vom-Toepfermarkt-Titelbild-731x1024.jpg 731w, https:\/\/nick-stein.com\/wp-content\/uploads\/2025\/11\/Der-Tote-vom-Toepfermarkt-Titelbild-214x300.jpg 214w, https:\/\/nick-stein.com\/wp-content\/uploads\/2025\/11\/Der-Tote-vom-Toepfermarkt-Titelbild-768x1075.jpg 768w, https:\/\/nick-stein.com\/wp-content\/uploads\/2025\/11\/Der-Tote-vom-Toepfermarkt-Titelbild-1097x1536.jpg 1097w, https:\/\/nick-stein.com\/wp-content\/uploads\/2025\/11\/Der-Tote-vom-Toepfermarkt-Titelbild.jpg 1260w\" sizes=\"(max-width: 731px) 100vw, 731px\" \/><\/a><\/figure>\n<div class=\"wp-block-media-text__content\">\n<p class=\"has-text-align-center has-black-color has-text-color has-link-color has-medium-font-size wp-elements-df96ac9757a38afec890cb361bc41d9c\"><strong>BRAD PITT IST TOT.<\/strong><\/p>\n\n<p class=\"has-black-color has-text-color has-link-color wp-elements-3e127aae713a667f41b83060b71a5390\">Alle zwei Jahre findet in Gro\u00dfenrode der T\u00f6pfermarkt statt, ein Event, das Tausende von Besuchern aus Deutschland und aller Welt anzieht.<\/p>\n\n<p class=\"has-black-color has-text-color has-link-color wp-elements-c7194f396c6f82e02a2e4f6a3a4efcd2\">Aber was ist, wenn zu Beginn des Marktes ein Toter in der Scheune gefunden wird? Die Polizei rufen? Geht gar nicht, dann w\u00e4re der Markt zu Ende. Also muss das Dorf selbst ermitteln.<\/p>\n\n<p class=\"has-black-color has-text-color has-link-color wp-elements-9894b1feb344de7c57b45b923e99f41b\">Zu allem \u00dcberfluss handelt es sich bei der Leiche ganz offensichtlich um Brad Pitt, der in der N\u00e4he einen Film gedreht hat. Was tun?<\/p>\n\n<p class=\"has-black-color has-text-color has-link-color wp-elements-4a91f3cd23b88fe0e91acbb150770f62\">Die D\u00f6rfler sind klug und geschickt. Werden sie den Mord aufkl\u00e4ren k\u00f6nnen?<\/p>\n\n<p class=\"has-black-color has-text-color has-link-color wp-elements-41dc829d0db80863472a37cb3f1a4ab6\">Und was bedeutet das Tattoo auf seinem Arm? Es sieht merkw\u00fcrdig aus: \u037c(<sub>\u203f<\/sub>!<sub>\u203f<\/sub>)\u037d . Ist es eine mathematische Formel? Mengenlehre? ein Geheimcode?<\/p>\n\n<p class=\"has-black-color has-text-color has-link-color wp-elements-671d1619bd68b8e59f21df3fc4f9ae0e\">Nur wer liest, wird es herausfinden\u2026<\/p>\n<\/div>\n<\/div>\n\n<div class=\"wp-block-media-text has-media-on-the-right is-stacked-on-mobile\">\n<div class=\"wp-block-media-text__content\">\n<p class=\"has-text-align-center has-black-color has-text-color has-link-color has-medium-font-size wp-elements-fd01a812412feb1b1d45695338200942\"><strong>Kurzgeschichten: Mord im kulinarischen Milieu Asiens<\/strong><\/p>\n\n<p class=\"has-black-color has-text-color has-link-color wp-elements-5069f16c26ac91459146ade4a668b97b\">In diesem sehr lesenswerten Sammelband finden sich auch zwei Kurzgeschichten von Nick Stein.<\/p>\n\n<p class=\"has-black-color has-text-color has-link-color wp-elements-d92e9e1070b45e86121be24c63dc495a\"><em><strong>Der Tod des Parteisekret\u00e4r<\/strong><\/em>s handelt von einem Mann, der sehr scharf essen kann; doch so scharf, wie sein Gegner es kocht, das schafft er nicht. Sein Tod wirft R\u00e4tsel auf. Doch leider ist der Kommissar genauso verfressen wie der Tote. Es geht um das leckerste Gericht Asiens!<\/p>\n\n<p class=\"has-black-color has-text-color has-link-color wp-elements-1f43078f8910e73c541f1d6ff5361823\">Die zweite Geschichte, <strong><em>Chinesisches Roulette<\/em><\/strong>, spielt im Casiomilieu von Macao. Dort wird unter den Mafia-Gr\u00f6\u00dfen ein Verr\u00e4ter vermutet, und statt Russisch Roulette spielt man Macao-Pufferfisch. Der ist giftig, doch nur einer bekommt die giftige Portion. Doch damit beginnt die Geschichte erst, denn einige sind noch raffinierter als das erlesenste<\/p>\n<\/div>\n<figure class=\"wp-block-media-text__media\"><a href=\"https:\/\/www.amazon.de\/Mord-s%C3%BC%C3%9F-sauer-Kulinarische-Kurzkrimis-passenden\/dp\/3956691075\/ref=sr_1_10?__mk_de_DE=%C3%85M%C3%85%C5%BD%C3%95%C3%91&amp;crid=94PMLE7VN2V&amp;dib=eyJ2IjoiMSJ9.6WA2Xj4zachWjH5fzwvcjONMHwBEFyuDgc4cyUiu7QOfBKqYrPap23RoSCFV4ensQU1QGWJZRWxoCxfoIOpfF7_eQXod-8YCuNibKRf10ZQ5ubU1axKoVvVOMKSZQQ-LDVAwjF9t41rDu8mcrFMhIu62hKTiBRz0iub9O9Mw2DZisNy67FCYDPJ3tWO_4cT6znRTDW2SXC_gKPwNs7aJt8HWTka1MENeAhCd3GkuTMc.xYxn4BbPeqNQSaSqmdHvcakHInT1Z0Fryo2DASPUugc&amp;dib_tag=se&amp;keywords=christina+wermescher&amp;qid=1763229576&amp;sprefix=christina+wermescher%2Caps%2C78&amp;sr=8-10\" target=\"_blank\" rel=\"noreferrer noopener\"><img decoding=\"async\" width=\"558\" height=\"890\" class=\"wp-image-798 size-full\" src=\"https:\/\/nick-stein.com\/wp-content\/uploads\/2025\/11\/Mord-suesssauer.jpg\" alt=\"\" srcset=\"https:\/\/nick-stein.com\/wp-content\/uploads\/2025\/11\/Mord-suesssauer.jpg 558w, https:\/\/nick-stein.com\/wp-content\/uploads\/2025\/11\/Mord-suesssauer-188x300.jpg 188w\" sizes=\"(max-width: 558px) 100vw, 558px\" \/><\/a><\/figure>\n<\/div>\n\t\t\t\t\t\t\t\t<\/div>\n\t\t\t\t\t<\/div>\n\t\t\t\t<\/div>\n\t\t\t\t<\/div>\n\t\t","protected":false},"excerpt":{"rendered":"<p>KURZ UND KURZWEIL BRAD PITT IST TOT. Alle zwei Jahre findet in Gro\u00dfenrode der T\u00f6pfermarkt statt, ein Event, das Tausende von Besuchern aus Deutschland und aller Welt anzieht. Aber was ist, wenn zu Beginn des Marktes ein Toter in der Scheune gefunden wird? Die Polizei rufen? Geht gar nicht, dann w\u00e4re der Markt zu Ende&#8230;.<\/p>\n","protected":false},"author":1,"featured_media":0,"parent":0,"menu_order":0,"comment_status":"closed","ping_status":"closed","template":"","meta":{"_kadence_starter_templates_imported_post":false,"_kad_post_transparent":"enable","_kad_post_title":"","_kad_post_layout":"","_kad_post_sidebar_id":"","_kad_post_content_style":"unboxed","_kad_post_vertical_padding":"hide","_kad_post_feature":"hide","_kad_post_feature_position":"","_kad_post_header":false,"_kad_post_footer":false,"_kad_post_classname":"","footnotes":""},"class_list":["post-762","page","type-page","status-publish","hentry"],"_links":{"self":[{"href":"https:\/\/nick-stein.com\/index.php?rest_route=\/wp\/v2\/pages\/762","targetHints":{"allow":["GET"]}}],"collection":[{"href":"https:\/\/nick-stein.com\/index.php?rest_route=\/wp\/v2\/pages"}],"about":[{"href":"https:\/\/nick-stein.com\/index.php?rest_route=\/wp\/v2\/types\/page"}],"author":[{"embeddable":true,"href":"https:\/\/nick-stein.com\/index.php?rest_route=\/wp\/v2\/users\/1"}],"replies":[{"embeddable":true,"href":"https:\/\/nick-stein.com\/index.php?rest_route=%2Fwp%2Fv2%2Fcomments&post=762"}],"version-history":[{"count":22,"href":"https:\/\/nick-stein.com\/index.php?rest_route=\/wp\/v2\/pages\/762\/revisions"}],"predecessor-version":[{"id":1345,"href":"https:\/\/nick-stein.com\/index.php?rest_route=\/wp\/v2\/pages\/762\/revisions\/1345"}],"wp:attachment":[{"href":"https:\/\/nick-stein.com\/index.php?rest_route=%2Fwp%2Fv2%2Fmedia&parent=762"}],"curies":[{"name":"wp","href":"https:\/\/api.w.org\/{rel}","templated":true}]}}