{"id":1435,"date":"2025-12-02T13:48:13","date_gmt":"2025-12-02T13:48:13","guid":{"rendered":"https:\/\/nick-stein.com\/?page_id=1435"},"modified":"2025-12-02T13:50:43","modified_gmt":"2025-12-02T13:50:43","slug":"impressum","status":"publish","type":"page","link":"https:\/\/nick-stein.com\/?page_id=1435","title":{"rendered":"Impressum"},"content":{"rendered":"\t\t<div data-elementor-type=\"wp-page\" data-elementor-id=\"1435\" class=\"elementor elementor-1435\">\n\t\t\t\t<div class=\"elementor-element elementor-element-e58ca8b e-flex e-con-boxed e-con e-parent\" data-id=\"e58ca8b\" data-element_type=\"container\">\n\t\t\t\t\t<div class=\"e-con-inner\">\n\t\t\t\t<div class=\"elementor-element elementor-element-e9afac3 elementor-widget elementor-widget-spacer\" data-id=\"e9afac3\" data-element_type=\"widget\" data-widget_type=\"spacer.default\">\n\t\t\t\t\t\t\t<div class=\"elementor-spacer\">\n\t\t\t<div class=\"elementor-spacer-inner\"><\/div>\n\t\t<\/div>\n\t\t\t\t\t\t<\/div>\n\t\t\t\t\t<\/div>\n\t\t\t\t<\/div>\n\t\t<div class=\"elementor-element elementor-element-1faaf01 e-flex e-con-boxed e-con e-parent\" data-id=\"1faaf01\" data-element_type=\"container\">\n\t\t\t\t\t<div class=\"e-con-inner\">\n\t\t\t\t<div class=\"elementor-element elementor-element-ee27466 elementor-widget elementor-widget-text-editor\" data-id=\"ee27466\" data-element_type=\"widget\" data-widget_type=\"text-editor.default\">\n\t\t\t\t\t\t\t\t\t<h2>IMPRESSUM<\/h2><p>Rechtlich verantwortlich f\u00fcr den Inhalt:<\/p><p>Klaus Bodenstein, M\u00f6rlieh\u00e4user Str. 5, DE 37186 Moringen<\/p><p>\u00a0<\/p><p><em>erstellt mit WordPress und Kadence.<\/em><\/p>\t\t\t\t\t\t\t\t<\/div>\n\t\t\t\t\t<\/div>\n\t\t\t\t<\/div>\n\t\t\t\t<\/div>\n\t\t","protected":false},"excerpt":{"rendered":"<p>IMPRESSUM Rechtlich verantwortlich f\u00fcr den Inhalt: Klaus Bodenstein, M\u00f6rlieh\u00e4user Str. 5, DE 37186 Moringen \u00a0 erstellt mit WordPress und Kadence.<\/p>\n","protected":false},"author":1,"featured_media":0,"parent":0,"menu_order":0,"comment_status":"closed","ping_status":"closed","template":"","meta":{"_kadence_starter_templates_imported_post":false,"_kad_post_transparent":"","_kad_post_title":"hide","_kad_post_layout":"fullwidth","_kad_post_sidebar_id":"","_kad_post_content_style":"unboxed","_kad_post_vertical_padding":"hide","_kad_post_feature":"hide","_kad_post_feature_position":"","_kad_post_header":false,"_kad_post_footer":false,"_kad_post_classname":"","footnotes":""},"class_list":["post-1435","page","type-page","status-publish","hentry"],"_links":{"self":[{"href":"https:\/\/nick-stein.com\/index.php?rest_route=\/wp\/v2\/pages\/1435","targetHints":{"allow":["GET"]}}],"collection":[{"href":"https:\/\/nick-stein.com\/index.php?rest_route=\/wp\/v2\/pages"}],"about":[{"href":"https:\/\/nick-stein.com\/index.php?rest_route=\/wp\/v2\/types\/page"}],"author":[{"embeddable":true,"href":"https:\/\/nick-stein.com\/index.php?rest_route=\/wp\/v2\/users\/1"}],"replies":[{"embeddable":true,"href":"https:\/\/nick-stein.com\/index.php?rest_route=%2Fwp%2Fv2%2Fcomments&post=1435"}],"version-history":[{"count":4,"href":"https:\/\/nick-stein.com\/index.php?rest_route=\/wp\/v2\/pages\/1435\/revisions"}],"predecessor-version":[{"id":1440,"href":"https:\/\/nick-stein.com\/index.php?rest_route=\/wp\/v2\/pages\/1435\/revisions\/1440"}],"wp:attachment":[{"href":"https:\/\/nick-stein.com\/index.php?rest_route=%2Fwp%2Fv2%2Fmedia&parent=1435"}],"curies":[{"name":"wp","href":"https:\/\/api.w.org\/{rel}","templated":true}]}}