{"id":1312,"date":"2025-11-30T12:14:55","date_gmt":"2025-11-30T12:14:55","guid":{"rendered":"https:\/\/nick-stein.com\/?page_id=1312"},"modified":"2025-11-30T18:27:52","modified_gmt":"2025-11-30T18:27:52","slug":"lesungen","status":"publish","type":"page","link":"https:\/\/nick-stein.com\/?page_id=1312","title":{"rendered":"Lesungen"},"content":{"rendered":"\t\t<div data-elementor-type=\"wp-page\" data-elementor-id=\"1312\" class=\"elementor elementor-1312\">\n\t\t\t\t<div class=\"elementor-element elementor-element-b5d4c74 e-flex e-con-boxed e-con e-parent\" data-id=\"b5d4c74\" data-element_type=\"container\">\n\t\t\t\t\t<div class=\"e-con-inner\">\n\t\t\t\t<div class=\"elementor-element elementor-element-247376d elementor-widget elementor-widget-text-editor\" data-id=\"247376d\" data-element_type=\"widget\" data-widget_type=\"text-editor.default\">\n\t\t\t\t\t\t\t\t\t<h2 style=\"text-align: center;\"><strong>Interessiert an einer B\u00fccherlesung von Nick Stein? Dann sind Sie hier richtig.<\/strong><\/h2>\t\t\t\t\t\t\t\t<\/div>\n\t\t\t\t\t<\/div>\n\t\t\t\t<\/div>\n\t\t<div class=\"elementor-element elementor-element-6faed6a e-flex e-con-boxed e-con e-parent\" data-id=\"6faed6a\" data-element_type=\"container\">\n\t\t\t\t\t<div class=\"e-con-inner\">\n\t\t\t\t<div class=\"elementor-element elementor-element-cbb0c18 elementor-widget elementor-widget-text-editor\" data-id=\"cbb0c18\" data-element_type=\"widget\" data-widget_type=\"text-editor.default\">\n\t\t\t\t\t\t\t\t\t<p><em>Nick Stein liest gern aus seinen B\u00fcchern vor, ob historischer Roman, Krimi\/Thriller oder anderen B\u00fcchern und Kurzgeschichten. Eine Lesung dauert max. zwei Stunden und sollte auf 30 Teilnehmer beschr\u00e4nkt sein. Kosten: 250 \u20ac plus Fahrt und ggf. \u00dcbernachtungskosten. Bitte hier Details eingeben:<\/em><\/p>\t\t\t\t\t\t\t\t<\/div>\n\t\t\t\t\t<\/div>\n\t\t\t\t<\/div>\n\t\t<div class=\"elementor-element elementor-element-c8de1a0 e-flex e-con-boxed e-con e-parent\" data-id=\"c8de1a0\" data-element_type=\"container\">\n\t\t\t\t\t<div class=\"e-con-inner\">\n\t\t\t\t<div class=\"elementor-element elementor-element-353e2e0 elementor-widget elementor-widget-wpforms\" data-id=\"353e2e0\" data-element_type=\"widget\" data-widget_type=\"wpforms.default\">\n\t\t\t\t<div class=\"elementor-widget-container\">\n\t\t\t\t\t<div class=\"wpforms-container wpforms-container-full wpforms-render-modern\" id=\"wpforms-1351\"><form id=\"wpforms-form-1351\" class=\"wpforms-validate wpforms-form wpforms-ajax-form\" data-formid=\"1351\" method=\"post\" enctype=\"multipart\/form-data\" action=\"\/index.php?rest_route=%2Fwp%2Fv2%2Fpages%2F1312\" data-token=\"a562fd7ed344e5565238da7e39ceac67\" data-token-time=\"1777447906\"><noscript class=\"wpforms-error-noscript\">Bitte aktiviere JavaScript in deinem Browser, um dieses Formular fertigzustellen.<\/noscript><div id=\"wpforms-error-noscript\" style=\"display: none;\">Bitte aktiviere JavaScript in deinem Browser, um dieses Formular fertigzustellen.<\/div><div class=\"wpforms-field-container\"><div id=\"wpforms-1351-field_1-container\" class=\"wpforms-field wpforms-field-name\" data-field-id=\"1\"><fieldset><legend class=\"wpforms-field-label\">Name <span class=\"wpforms-required-label\" aria-hidden=\"true\">*<\/span><\/legend><div class=\"wpforms-field-row wpforms-field-medium\"><div class=\"wpforms-field-row-block wpforms-first wpforms-one-half\"><input type=\"text\" id=\"wpforms-1351-field_1\" class=\"wpforms-field-name-first wpforms-field-required\" name=\"wpforms[fields][1][first]\" aria-errormessage=\"wpforms-1351-field_1-error\" required><label for=\"wpforms-1351-field_1\" class=\"wpforms-field-sublabel after\">Vorname<\/label><\/div><div class=\"wpforms-field-row-block wpforms-one-half\"><input type=\"text\" id=\"wpforms-1351-field_1-last\" class=\"wpforms-field-name-last wpforms-field-required\" name=\"wpforms[fields][1][last]\" aria-errormessage=\"wpforms-1351-field_1-last-error\" required><label for=\"wpforms-1351-field_1-last\" class=\"wpforms-field-sublabel after\">Nachname<\/label><\/div><\/div><\/fieldset><\/div><div id=\"wpforms-1351-field_2-container\" class=\"wpforms-field wpforms-field-email\" data-field-id=\"2\"><label class=\"wpforms-field-label\" for=\"wpforms-1351-field_2\">E-Mail-Adresse <span class=\"wpforms-required-label\" aria-hidden=\"true\">*<\/span><\/label><input type=\"email\" id=\"wpforms-1351-field_2\" class=\"wpforms-field-medium wpforms-field-required\" name=\"wpforms[fields][2]\" spellcheck=\"false\" aria-errormessage=\"wpforms-1351-field_2-error\" required><\/div><div id=\"wpforms-1351-field_4-container\" class=\"wpforms-field wpforms-field-text\" data-field-id=\"4\"><label class=\"wpforms-field-label\" for=\"wpforms-1351-field_4\">An welchem Buch sind Sie interessiert?<\/label><input type=\"text\" id=\"wpforms-1351-field_4\" class=\"wpforms-field-medium\" name=\"wpforms[fields][4]\" aria-errormessage=\"wpforms-1351-field_4-error\" aria-describedby=\"wpforms-1351-field_4-description\" ><div id=\"wpforms-1351-field_4-description\" class=\"wpforms-field-description\">Bitte max. 3 ausw\u00e4hlen\n<\/div><\/div><div id=\"wpforms-1351-field_3-container\" class=\"wpforms-field wpforms-field-textarea\" data-field-id=\"3\"><label class=\"wpforms-field-label\" for=\"wpforms-1351-field_3\">Kommentar oder Nachricht<\/label><textarea id=\"wpforms-1351-field_3\" class=\"wpforms-field-medium\" name=\"wpforms[fields][3]\" aria-errormessage=\"wpforms-1351-field_3-error\" ><\/textarea><\/div><div id=\"wpforms-1351-field_6-container\" class=\"wpforms-field wpforms-field-select wpforms-field-select-style-classic\" data-field-id=\"6\"><label class=\"wpforms-field-label\" for=\"wpforms-1351-field_6\">Dropdown<\/label><select id=\"wpforms-1351-field_6\" class=\"wpforms-field-medium\" name=\"wpforms[fields][6]\"><option value=\"Adlerkiller\"  class=\"choice-1 depth-1\"  >Adlerkiller<\/option><option value=\"Bienenkiller\"  class=\"choice-2 depth-1\"  >Bienenkiller<\/option><option value=\"Nordseekiller\"  class=\"choice-3 depth-1\"  >Nordseekiller<\/option><option value=\"Sturmkiller\"  class=\"choice-4 depth-1\"  >Sturmkiller<\/option><option value=\"Inselkiller\"  class=\"choice-5 depth-1\"  >Inselkiller<\/option><option value=\"Urlaubskiller\"  class=\"choice-6 depth-1\"  >Urlaubskiller<\/option><option value=\"Flammenkiller\"  class=\"choice-7 depth-1\"  >Flammenkiller<\/option><option value=\"Kommissar Sp\u00fcrnase\"  class=\"choice-8 depth-1\"  >Kommissar Sp\u00fcrnase<\/option><option value=\"Wer Wind erntet - Turbinenkiller\"  class=\"choice-9 depth-1\"  >Wer Wind erntet - Turbinenkiller<\/option><option value=\"Friesisch herb, friesisch tot\"  class=\"choice-10 depth-1\"  >Friesisch herb, friesisch tot<\/option><option value=\"Quantenkiller\"  class=\"choice-11 depth-1\"  >Quantenkiller<\/option><option value=\"Lautlos\"  class=\"choice-12 depth-1\"  >Lautlos<\/option><option value=\"Bei Ablehnung Mord\"  class=\"choice-13 depth-1\"  >Bei Ablehnung Mord<\/option><option value=\"Atelier des Todes\"  class=\"choice-14 depth-1\"  >Atelier des Todes<\/option><option value=\"Tod eines Milliard\u00e4rs\"  class=\"choice-15 depth-1\"  >Tod eines Milliard\u00e4rs<\/option><option value=\"Abschied einer M\u00f6rderin\"  class=\"choice-16 depth-1\"  >Abschied einer M\u00f6rderin<\/option><option value=\"Elektrisch nach Italien\"  class=\"choice-17 depth-1\"  >Elektrisch nach Italien<\/option><option value=\"Letzte Ausfahrt Eden\"  class=\"choice-18 depth-1\"  >Letzte Ausfahrt Eden<\/option><option value=\"Zen und die Kunst des B\u00fcgelns\"  class=\"choice-19 depth-1\"  >Zen und die Kunst des B\u00fcgelns<\/option><option value=\"Dragonseed\"  class=\"choice-20 depth-1\"  >Dragonseed<\/option><option value=\"Die Bierhexe\"  class=\"choice-21 depth-1\"  >Die Bierhexe<\/option><option value=\"Das Ende aller Wunden\"  class=\"choice-22 depth-1\"  >Das Ende aller Wunden<\/option><option value=\"Tyrannthropos muss sterben\"  class=\"choice-23 depth-1\"  >Tyrannthropos muss sterben<\/option><\/select><\/div><div id=\"wpforms-1351-field_9-container\" class=\"wpforms-field wpforms-field-text\" data-field-id=\"9\"><label class=\"wpforms-field-label\" for=\"wpforms-1351-field_9\">Wo soll gelesen werden?<\/label><input type=\"text\" id=\"wpforms-1351-field_9\" class=\"wpforms-field-medium\" name=\"wpforms[fields][9]\" aria-errormessage=\"wpforms-1351-field_9-error\" aria-describedby=\"wpforms-1351-field_9-description\" ><div id=\"wpforms-1351-field_9-description\" class=\"wpforms-field-description\">Bitte Angabe zur Lokalit\u00e4t und ihrer Adresse, Gr\u00f6\u00dfe des Raumes, Vorhandensein von Getr\u00e4nken, B\u00fccher, Sonstigem usw.<\/div><\/div><div id=\"wpforms-1351-field_10-container\" class=\"wpforms-field wpforms-field-text\" data-field-id=\"10\"><label class=\"wpforms-field-label\" for=\"wpforms-1351-field_10\">Spezielle Anforderungen<\/label><input type=\"text\" id=\"wpforms-1351-field_10\" class=\"wpforms-field-medium\" name=\"wpforms[fields][10]\" aria-errormessage=\"wpforms-1351-field_10-error\" aria-describedby=\"wpforms-1351-field_10-description\" ><div id=\"wpforms-1351-field_10-description\" class=\"wpforms-field-description\">Z. B. historische Bekleidung, besondere Getr\u00e4nke, Ausstattung des Raumes, Musikbegleitung etc.<\/div><\/div><div id=\"wpforms-1351-field_11-container\" class=\"wpforms-field wpforms-field-text\" data-field-id=\"11\"><label class=\"wpforms-field-label\" for=\"wpforms-1351-field_11\">Uhrzeit und Dauer<\/label><input type=\"text\" id=\"wpforms-1351-field_11\" class=\"wpforms-field-medium\" name=\"wpforms[fields][11]\" aria-errormessage=\"wpforms-1351-field_11-error\" aria-describedby=\"wpforms-1351-field_11-description\" ><div id=\"wpforms-1351-field_11-description\" class=\"wpforms-field-description\">(max. 2 Stunden)<\/div><\/div>\t\t<div id=\"wpforms-1351-field_5-container\"\n\t\t\tclass=\"wpforms-field wpforms-field-text\"\n\t\t\tdata-field-type=\"text\"\n\t\t\tdata-field-id=\"5\"\n\t\t\t>\n\t\t\t<label class=\"wpforms-field-label\" for=\"wpforms-1351-field_5\" >Sonstiges Sie oder<\/label>\n\t\t\t<input type=\"text\" id=\"wpforms-1351-field_5\" class=\"wpforms-field-medium\" name=\"wpforms[fields][5]\" >\n\t\t<\/div>\n\t\t<div id=\"wpforms-1351-field_12-container\" class=\"wpforms-field wpforms-field-text\" data-field-id=\"12\"><label class=\"wpforms-field-label\" for=\"wpforms-1351-field_12\">Sonstiges<\/label><input type=\"text\" id=\"wpforms-1351-field_12\" class=\"wpforms-field-medium\" name=\"wpforms[fields][12]\" aria-errormessage=\"wpforms-1351-field_12-error\" aria-describedby=\"wpforms-1351-field_12-description\" ><div id=\"wpforms-1351-field_12-description\" class=\"wpforms-field-description\">Bitte einf\u00fcgen\/beschreiben<\/div><\/div><script>\n\t\t\t\t( function() {\n\t\t\t\t\tconst style = document.createElement( 'style' );\n\t\t\t\t\tstyle.appendChild( document.createTextNode( '#wpforms-1351-field_5-container { position: absolute !important; overflow: hidden !important; display: inline !important; height: 1px !important; width: 1px !important; z-index: -1000 !important; padding: 0 !important; } #wpforms-1351-field_5-container input { visibility: hidden; } #wpforms-conversational-form-page #wpforms-1351-field_5-container label { counter-increment: none; }' ) );\n\t\t\t\t\tdocument.head.appendChild( style );\n\t\t\t\t\tdocument.currentScript?.remove();\n\t\t\t\t} )();\n\t\t\t<\/script><\/div><!-- .wpforms-field-container --><div class=\"wpforms-submit-container\" ><input type=\"hidden\" name=\"wpforms[id]\" value=\"1351\"><input type=\"hidden\" name=\"page_title\" value=\"\"><input type=\"hidden\" name=\"page_url\" value=\"https:\/\/nick-stein.com\/index.php?rest_route=\/wp\/v2\/pages\/1312\"><input type=\"hidden\" name=\"url_referer\" value=\"\"><button type=\"submit\" name=\"wpforms[submit]\" id=\"wpforms-submit-1351\" class=\"wpforms-submit\" data-alt-text=\"Wird gesendet\u00a0\u2026\" data-submit-text=\"Absenden\" aria-live=\"assertive\" value=\"wpforms-submit\">Absenden<\/button><img decoding=\"async\" src=\"https:\/\/nick-stein.com\/wp-content\/plugins\/wpforms-lite\/assets\/images\/submit-spin.svg\" class=\"wpforms-submit-spinner\" style=\"display: none;\" width=\"26\" height=\"26\" alt=\"Wird geladen\"><\/div><\/form><\/div>  <!-- .wpforms-container -->\t\t\t\t<\/div>\n\t\t\t\t<\/div>\n\t\t\t\t\t<\/div>\n\t\t\t\t<\/div>\n\t\t\t\t<\/div>\n\t\t","protected":false},"excerpt":{"rendered":"<p>Interessiert an einer B\u00fccherlesung von Nick Stein? Dann sind Sie hier richtig. Nick Stein liest gern aus seinen B\u00fcchern vor, ob historischer Roman, Krimi\/Thriller oder anderen B\u00fcchern und Kurzgeschichten. Eine Lesung dauert max. zwei Stunden und sollte auf 30 Teilnehmer beschr\u00e4nkt sein. Kosten: 250 \u20ac plus Fahrt und ggf. \u00dcbernachtungskosten. Bitte hier Details eingeben: Bitte&#8230;<\/p>\n","protected":false},"author":1,"featured_media":0,"parent":0,"menu_order":0,"comment_status":"closed","ping_status":"closed","template":"","meta":{"_kadence_starter_templates_imported_post":false,"_kad_post_transparent":"","_kad_post_title":"","_kad_post_layout":"","_kad_post_sidebar_id":"","_kad_post_content_style":"","_kad_post_vertical_padding":"","_kad_post_feature":"","_kad_post_feature_position":"","_kad_post_header":false,"_kad_post_footer":false,"_kad_post_classname":"","footnotes":""},"class_list":["post-1312","page","type-page","status-publish","hentry"],"_links":{"self":[{"href":"https:\/\/nick-stein.com\/index.php?rest_route=\/wp\/v2\/pages\/1312","targetHints":{"allow":["GET"]}}],"collection":[{"href":"https:\/\/nick-stein.com\/index.php?rest_route=\/wp\/v2\/pages"}],"about":[{"href":"https:\/\/nick-stein.com\/index.php?rest_route=\/wp\/v2\/types\/page"}],"author":[{"embeddable":true,"href":"https:\/\/nick-stein.com\/index.php?rest_route=\/wp\/v2\/users\/1"}],"replies":[{"embeddable":true,"href":"https:\/\/nick-stein.com\/index.php?rest_route=%2Fwp%2Fv2%2Fcomments&post=1312"}],"version-history":[{"count":7,"href":"https:\/\/nick-stein.com\/index.php?rest_route=\/wp\/v2\/pages\/1312\/revisions"}],"predecessor-version":[{"id":1356,"href":"https:\/\/nick-stein.com\/index.php?rest_route=\/wp\/v2\/pages\/1312\/revisions\/1356"}],"wp:attachment":[{"href":"https:\/\/nick-stein.com\/index.php?rest_route=%2Fwp%2Fv2%2Fmedia&parent=1312"}],"curies":[{"name":"wp","href":"https:\/\/api.w.org\/{rel}","templated":true}]}}